{"id":1974,"date":"2024-11-17T08:26:27","date_gmt":"2024-11-17T08:26:27","guid":{"rendered":"https:\/\/medien-portal.at\/?post_type=product&#038;p=1974"},"modified":"2025-03-19T16:09:38","modified_gmt":"2025-03-19T16:09:38","slug":"sono-gs1","status":"publish","type":"product","link":"https:\/\/www.imko.de\/en\/produkt\/sono-gs1\/","title":{"rendered":"SONO GS1"},"content":{"rendered":"<div class=\"row\"  id=\"row-1672902667\">\n\n\t<div id=\"col-243791724\" class=\"col small-12 large-12\"  >\n\t\t\t\t<div class=\"col-inner\"  >\n\t\t\t\n\t\t\t\n\n\t\t<div class=\"tabbed-content\">\n\t\t\t\n\t\t\t<ul class=\"nav nav-tabs nav-normal nav-size-normal nav-left\" role=\"tablist\"><li id=\"tab-beschreibung\" class=\"tab active has-icon\" role=\"presentation\"><a href=\"#tab_beschreibung\" role=\"tab\" aria-selected=\"true\" aria-controls=\"tab_beschreibung\"><span>Product description<\/span><\/a><\/li>\n<li id=\"tab-anwendung\" class=\"tab has-icon\" role=\"presentation\"><a href=\"#tab_anwendung\" tabindex=\"-1\" role=\"tab\" aria-selected=\"false\" aria-controls=\"tab_anwendung\"><span>Application<\/span><\/a><\/li>\n<li id=\"tab-tech.-daten\" class=\"tab has-icon\" role=\"presentation\"><a href=\"#tab_tech.-daten\" tabindex=\"-1\" role=\"tab\" aria-selected=\"false\" aria-controls=\"tab_tech.-daten\"><span>tech. Data<\/span><\/a><\/li>\n<li id=\"tab-download\" class=\"tab has-icon\" role=\"presentation\"><a href=\"#tab_download\" tabindex=\"-1\" role=\"tab\" aria-selected=\"false\" aria-controls=\"tab_download\"><span>Download<\/span><\/a><\/li>\n<li id=\"tab-varianten\" class=\"tab has-icon\" role=\"presentation\"><a href=\"#tab_varianten\" tabindex=\"-1\" role=\"tab\" aria-selected=\"false\" aria-controls=\"tab_varianten\"><span>Variants<\/span><\/a><\/li>\n<li id=\"tab-einbau\" class=\"tab has-icon\" role=\"presentation\"><a href=\"#tab_einbau\" tabindex=\"-1\" role=\"tab\" aria-selected=\"false\" aria-controls=\"tab_einbau\"><span>Installation<\/span><\/a><\/li><\/ul><div class=\"tab-panels\"><div id=\"tab_beschreibung\" class=\"panel active entry-content\" role=\"tabpanel\" aria-labelledby=\"tab-beschreibung\">\n<p>Large rectangular sensor for high-precision applications and for installation in container walls, along screw conveyors and pipelines or similar<br \/>\nSensor surface made of stainless steel (V4A) and PEEK or similar<\/p>\n<\/div>\n<div id=\"tab_anwendung\" class=\"panel entry-content\" role=\"tabpanel\" aria-labelledby=\"tab-anwendung\">\n<p>Wood &amp; low-density bulk materials<\/p>\n<\/div>\n<div id=\"tab_tech.-daten\" class=\"panel entry-content\" role=\"tabpanel\" aria-labelledby=\"tab-tech.-daten\">\n\n<table style=\"width: 100%; border-collapse: collapse; border: 1px solid #ccc;\">\n<tbody>\n<tr>\n<td style=\"border: 1px solid #ccc; padding: 8px;\">Temperature range<\/td>\n<td style=\"border: 1px solid #ccc; padding: 8px;\">0\u00b0C ... 70\u00b0C<\/td>\n<\/tr>\n<tr>\n<td style=\"border: 1px solid #ccc; padding: 8px;\">Power supply<\/td>\n<td style=\"border: 1px solid #ccc; padding: 8px;\">+12V to +24V DC, approx. 3W<\/td>\n<\/tr>\n<tr>\n<td style=\"border: 1px solid #ccc; padding: 8px;\">Special conditions<\/td>\n<td style=\"border: 1px solid #ccc; padding: 8px;\">0\u00b0C to +100\u00b0C for high-temperature variant<\/td>\n<\/tr>\n<tr>\n<td style=\"border: 1px solid #ccc; padding: 8px;\">Signal output<\/td>\n<td style=\"border: 1px solid #ccc; padding: 8px;\">2 \u00d7 analogue output 0(4)...20mA<br \/>\nOutput 1: Humidity in %<br \/>\nOutput 2: Temperature or optionally conductivity or standard deviation<\/td>\n<\/tr>\n<tr>\n<td style=\"border: 1px solid #ccc; padding: 8px;\">Interfaces<\/td>\n<td style=\"border: 1px solid #ccc; padding: 8px;\">RS485 or IMP bus<\/td>\n<\/tr>\n<tr>\n<td style=\"border: 1px solid #ccc; padding: 8px;\">Sensor dimension<\/td>\n<td style=\"border: 1px solid #ccc; padding: 8px;\">280 \u00d7 60 \u00d7 43 mm (length \u00d7 width \u00d7 height)<\/td>\n<\/tr>\n<tr>\n<td style=\"border: 1px solid #ccc; padding: 8px;\">Weight<\/td>\n<td style=\"border: 1px solid #ccc; padding: 8px;\">1,3 kg<\/td>\n<\/tr>\n<tr>\n<td style=\"border: 1px solid #ccc; padding: 8px;\">IP protection class<\/td>\n<td style=\"border: 1px solid #ccc; padding: 8px;\">IP65<\/td>\n<\/tr>\n<\/tbody>\n<\/table>\n\n<\/div>\n<div id=\"tab_download\" class=\"panel entry-content\" role=\"tabpanel\" aria-labelledby=\"tab-download\">\n<a href=\"https:\/\/www.imko.de\/wp-content\/uploads\/2024\/12\/en-imko_Datasheet_SONO-GS1.pdf\" target=\"_blank\" class=\"button primary is-outline lowercase\" rel=\"noopener\"  style=\"border-radius:5px;\">\n\t\t<span>Download datasheet<\/span>\n\t<\/a>\n\n<\/div>\n<div id=\"tab_varianten\" class=\"panel entry-content\" role=\"tabpanel\" aria-labelledby=\"tab-varianten\">\n<p><strong>Constructive variants<\/strong><\/p>\n<p>SONO ES GS1<br \/>\nSONO-Ex GS1<\/p>\n<\/div>\n<div id=\"tab_einbau\" class=\"panel entry-content\" role=\"tabpanel\" aria-labelledby=\"tab-einbau\">\n<ul>\n<li>Screw conveyor<\/li>\n<li>Under dosing belts (contactless if necessary)<\/li>\n<li>Belt conveyor (contactless if necessary)<\/li>\n<li>Slide plate<\/li>\n<\/ul>\n<\/div><\/div><\/div>\n\t\t<\/div>\n\t\t\t\t\t<\/div>\n\n\t\n<\/div>\n<div class=\"row\"  id=\"row-2096400632\">\n\n\t<div id=\"col-603054743\" class=\"col small-12 large-12\"  >\n\t\t\t\t<div class=\"col-inner\"  >\n\t\t\t\n\t\t\t\n<h2>Accessories<\/h2>\n\t\t<\/div>\n\t\t\t\t\t<\/div>\n\n\t\n\n\t<div id=\"col-1420036539\" class=\"col small-12 large-12\"  >\n\t\t\t\t<div class=\"col-inner\"  >\n\t\t\t\n\t\t\t\n<div class=\"accordion\">\n\t<div id=\"accordion-2282575587\" class=\"accordion-item\">\n\t\t<a id=\"accordion-2282575587-label\" class=\"accordion-title plain\" href=\"#accordion-item-sono-view-(display--und-konfigurationseinheit)\" aria-expanded=\"false\" aria-controls=\"accordion-2282575587-content\" >\n\t\t\t<button class=\"toggle\" aria-label=\"Toggle\"><i class=\"icon-angle-down\"><\/i><\/button>\n\t\t\t<span>SONO-View (display and configuration unit)<\/span>\n\t\t<\/a>\n\t\t<div id=\"accordion-2282575587-content\" class=\"accordion-inner\" aria-labelledby=\"accordion-2282575587-label\" >\n\t\t\t\n<div class=\"row\"  id=\"row-1741767126\">\n\n\t<div id=\"col-429347971\" class=\"col medium-6 small-12 large-6\"  >\n\t\t\t\t<div class=\"col-inner\"  >\n\t\t\t\n\t\t\t\n<p>Stand-alone display and configuration for reliable process control with SONO or TRIME humidity probes. Up to 4 SONO probes can be connected online via a serial interface. For displaying measurement data, setting the operating mode and other functions.<\/p>\n\t\t<\/div>\n\t\t\t\t\t<\/div>\n\n\t\n\n\t<div id=\"col-1963101541\" class=\"col medium-6 small-12 large-6\"  >\n\t\t\t\t<div class=\"col-inner\"  >\n\t\t\t\n\t\t\t\n\t<div class=\"img has-hover x md-x lg-x y md-y lg-y\" id=\"image_1992866208\">\n\t\t\t\t\t\t\t\t<div class=\"img-inner dark\" >\n\t\t\t<img decoding=\"async\" width=\"600\" height=\"288\" src=\"https:\/\/www.imko.de\/wp-content\/uploads\/2024\/11\/sono-view-displaykonfigurationseinheit.webp\" class=\"attachment-original size-original\" alt=\"sono-view-display+konfigurationseinheit\" srcset=\"https:\/\/www.imko.de\/wp-content\/uploads\/2024\/11\/sono-view-displaykonfigurationseinheit.webp 600w, https:\/\/www.imko.de\/wp-content\/uploads\/2024\/11\/sono-view-displaykonfigurationseinheit-510x245.webp 510w, https:\/\/www.imko.de\/wp-content\/uploads\/2024\/11\/sono-view-displaykonfigurationseinheit-300x144.webp 300w, https:\/\/www.imko.de\/wp-content\/uploads\/2024\/11\/sono-view-displaykonfigurationseinheit-18x9.webp 18w\" sizes=\"(max-width: 600px) 100vw, 600px\" \/>\t\t\t\t\t\t\n\t\t\t\t\t<\/div>\n\t\t\t\t\t\t\t\t\n<style>\n#image_1992866208 {\n  width: 100%;\n}\n<\/style>\n\t<\/div>\n\t\n\t\t<\/div>\n\t\t\t\t\t<\/div>\n\n\t\n<\/div>\n\t\t<\/div>\n\t<\/div>\n\t\n\t<div id=\"accordion-346791098\" class=\"accordion-item\">\n\t\t<a id=\"accordion-346791098-label\" class=\"accordion-title plain\" href=\"#accordion-item-sm-usb-(schnittstellenwandler)\" aria-expanded=\"false\" aria-controls=\"accordion-346791098-content\" >\n\t\t\t<button class=\"toggle\" aria-label=\"Toggle\"><i class=\"icon-angle-down\"><\/i><\/button>\n\t\t\t<span>SM-USB (interface converter)<\/span>\n\t\t<\/a>\n\t\t<div id=\"accordion-346791098-content\" class=\"accordion-inner\" aria-labelledby=\"accordion-346791098-label\" >\n\t\t\t\n<div class=\"row\"  id=\"row-578494645\">\n\n\t<div id=\"col-2097124432\" class=\"col medium-6 small-12 large-6\"  >\n\t\t\t\t<div class=\"col-inner\"  >\n\t\t\t\n\t\t\t\n<p>USB to RS485 and IMP bus converter module. For connecting SONO probes to a PC under Windows via the serial interface. For creating your own calibrations, test measurements with measurement data storage and other functions.<\/p>\n\t\t<\/div>\n\t\t\t\t\t<\/div>\n\n\t\n\n\t<div id=\"col-1249338349\" class=\"col medium-6 small-12 large-6\"  >\n\t\t\t\t<div class=\"col-inner\"  >\n\t\t\t\n\t\t\t\n\t<div class=\"img has-hover x md-x lg-x y md-y lg-y\" id=\"image_792305032\">\n\t\t\t\t\t\t\t\t<div class=\"img-inner dark\" >\n\t\t\t<img decoding=\"async\" width=\"600\" height=\"288\" src=\"https:\/\/www.imko.de\/wp-content\/uploads\/2024\/11\/sm-usb.webp\" class=\"attachment-original size-original\" alt=\"sm-usb\" srcset=\"https:\/\/www.imko.de\/wp-content\/uploads\/2024\/11\/sm-usb.webp 600w, https:\/\/www.imko.de\/wp-content\/uploads\/2024\/11\/sm-usb-510x245.webp 510w, https:\/\/www.imko.de\/wp-content\/uploads\/2024\/11\/sm-usb-300x144.webp 300w, https:\/\/www.imko.de\/wp-content\/uploads\/2024\/11\/sm-usb-18x9.webp 18w\" sizes=\"(max-width: 600px) 100vw, 600px\" \/>\t\t\t\t\t\t\n\t\t\t\t\t<\/div>\n\t\t\t\t\t\t\t\t\n<style>\n#image_792305032 {\n  width: 100%;\n}\n<\/style>\n\t<\/div>\n\t\n\t\t<\/div>\n\t\t\t\t\t<\/div>\n\n\t\n<\/div>\n\t\t<\/div>\n\t<\/div>\n\t\n\t<div id=\"accordion-185665621\" class=\"accordion-item\">\n\t\t<a id=\"accordion-185665621-label\" class=\"accordion-title plain\" href=\"#accordion-item-kabel\" aria-expanded=\"false\" aria-controls=\"accordion-185665621-content\" >\n\t\t\t<button class=\"toggle\" aria-label=\"Toggle\"><i class=\"icon-angle-down\"><\/i><\/button>\n\t\t\t<span>Cables<\/span>\n\t\t<\/a>\n\t\t<div id=\"accordion-185665621-content\" class=\"accordion-inner\" aria-labelledby=\"accordion-185665621-label\" >\n\t\t\t\n<div class=\"row\"  id=\"row-1488575359\">\n\n\t<div id=\"col-1242733608\" class=\"col medium-6 small-12 large-6\"  >\n\t\t\t\t<div class=\"col-inner\"  >\n\t\t\t\n\t\t\t\n<p>SONO sensor cable 4m; 6 twisted pair cables, 6 x 2 x 0.25mm2, shielded; 10pin MIL connector<\/p>\n<p>SONO sensor cable 10m; 6 twisted pair cables, 6 x 2 x 0.25mm2, shielded; 10pin MIL connector<\/p>\n<p>SONO sensor cable 25m; 6 twisted pair cables, 6 x 2 x 0.25mm2, shielded; 10pin MIL connector<\/p>\n<p>SONO fixed cable gland, 5m sensor cable, 6 twisted pair cables, 6 x 2 x 0.25mm2 , shielded; IP 67<\/p>\n\t\t<\/div>\n\t\t\t\t\t<\/div>\n\n\t\n\n\t<div id=\"col-537245566\" class=\"col medium-6 small-12 large-6\"  >\n\t\t\t\t<div class=\"col-inner\"  >\n\t\t\t\n\t\t\t\n\t<div class=\"img has-hover x md-x lg-x y md-y lg-y\" id=\"image_271760165\">\n\t\t\t\t\t\t\t\t<div class=\"img-inner dark\" >\n\t\t\t<img decoding=\"async\" width=\"600\" height=\"288\" src=\"https:\/\/www.imko.de\/wp-content\/uploads\/2024\/11\/kabel.webp\" class=\"attachment-large size-large\" alt=\"kabel\" srcset=\"https:\/\/www.imko.de\/wp-content\/uploads\/2024\/11\/kabel.webp 600w, https:\/\/www.imko.de\/wp-content\/uploads\/2024\/11\/kabel-510x245.webp 510w, https:\/\/www.imko.de\/wp-content\/uploads\/2024\/11\/kabel-300x144.webp 300w, https:\/\/www.imko.de\/wp-content\/uploads\/2024\/11\/kabel-18x9.webp 18w\" sizes=\"(max-width: 600px) 100vw, 600px\" \/>\t\t\t\t\t\t\n\t\t\t\t\t<\/div>\n\t\t\t\t\t\t\t\t\n<style>\n#image_271760165 {\n  width: 100%;\n}\n<\/style>\n\t<\/div>\n\t\n\t\t<\/div>\n\t\t\t\t\t<\/div>\n\n\t\n<\/div>\n\t\t<\/div>\n\t<\/div>\n\t\n<\/div>\n\t\t<\/div>\n\t\t\t\t\t<\/div>\n\n\t\n<\/div>\n<div class=\"row\"  id=\"row-2136928764\">\n\n\t<div id=\"col-286163168\" class=\"col small-12 large-12\"  >\n\t\t\t\t<div class=\"col-inner\"  >\n\t\t\t\n\t\t\t\n\t<div id=\"stack-2447473677\" class=\"stack stack-row justify-between items-stretch sm:stack-col sm:justify-start sm:items-start\">\n\t\t\n\t<div id=\"text-2315711310\" class=\"text\">\n\t\t\n<h2>Alternative sensor<\/h2>\n\t\t\t<\/div>\n\t\n<a href=\"https:\/\/www.imko.de\/en\/contact\/\" class=\"button primary box-shadow-1\"  style=\"border-radius:5px;\">\n\t\t<span>Request now<\/span>\n\t<\/a>\n\n\t\t\n<style>\n#stack-2447473677 > * {\n  --stack-gap: 1rem;\n}\n@media (min-width:550px) {\n  #stack-2447473677 > * {\n    --stack-gap: 0rem;\n  }\n}\n<\/style>\n\t<\/div>\n\t\n\t\t<\/div>\n\t\t\t\t\t<\/div>\n\n\t\n\n\t<div id=\"col-2010431771\" class=\"col medium-3 small-12 large-3\"  >\n\t\t\t\t<div class=\"col-inner\"  >\n\t\t\t\n\t\t\t\n\t<div class=\"box has-hover   has-hover box-text-bottom\" >\n\n\t\t<div class=\"box-image\" >\n\t\t\t<a href=\"https:\/\/www.imko.de\/en\/product-2\/sono-mix-mini-ld\/\" >\t\t\t<div class=\"\" >\n\t\t\t\t<img decoding=\"async\" width=\"600\" height=\"600\" src=\"https:\/\/www.imko.de\/wp-content\/uploads\/2024\/11\/sono-mix-mini-ld.webp\" class=\"attachment-original size-original\" alt=\"sono-mix-mini-ld\" srcset=\"https:\/\/www.imko.de\/wp-content\/uploads\/2024\/11\/sono-mix-mini-ld.webp 600w, https:\/\/www.imko.de\/wp-content\/uploads\/2024\/11\/sono-mix-mini-ld-100x100.webp 100w, https:\/\/www.imko.de\/wp-content\/uploads\/2024\/11\/sono-mix-mini-ld-510x510.webp 510w, https:\/\/www.imko.de\/wp-content\/uploads\/2024\/11\/sono-mix-mini-ld-300x300.webp 300w, https:\/\/www.imko.de\/wp-content\/uploads\/2024\/11\/sono-mix-mini-ld-150x150.webp 150w, https:\/\/www.imko.de\/wp-content\/uploads\/2024\/11\/sono-mix-mini-ld-12x12.webp 12w\" sizes=\"(max-width: 600px) 100vw, 600px\" \/>\t\t\t\t\t\t\t\t\t\t\t<\/div>\n\t\t\t<\/a>\t\t<\/div>\n\n\t\t<div class=\"box-text text-center\" >\n\t\t\t<div class=\"box-text-inner\">\n\t\t\t\t\n\t<div id=\"text-560593042\" class=\"text\">\n\t\t\n<h6><span style=\"color: #67717c;\">MOISTURE MEASUREMENT BULK MATERIAL<\/span><\/h6>\n\t\t\n<style>\n#text-560593042 {\n  text-align: left;\n}\n<\/style>\n\t<\/div>\n\t\n\t<div id=\"text-2176804553\" class=\"text\">\n\t\t\n<h5>SONO MIX Mini LD<\/h5>\n\t\t\n<style>\n#text-2176804553 {\n  text-align: left;\n}\n<\/style>\n\t<\/div>\n\t\n\t<div id=\"text-3493543696\" class=\"text\">\n\t\t\n<p>Art.\u00a0-Nr. 308104<\/p>\n\t\t\n<style>\n#text-3493543696 {\n  text-align: left;\n}\n<\/style>\n\t<\/div>\n\t\n\t\t\t<\/div>\n\t\t<\/div>\n\t<\/div>\n\t\n\t\t<\/div>\n\t\t\t\t\t<\/div>\n\n\t\n\n\t<div id=\"col-2031055200\" class=\"col medium-3 small-12 large-3\"  >\n\t\t\t\t<div class=\"col-inner\"  >\n\t\t\t\n\t\t\t\n\t<div class=\"box has-hover   has-hover box-text-bottom\" >\n\n\t\t<div class=\"box-image\" >\n\t\t\t\t\t\t<div class=\"\" >\n\t\t\t\t<img decoding=\"async\" width=\"600\" height=\"600\" src=\"https:\/\/www.imko.de\/wp-content\/uploads\/2024\/11\/sono-es-gs1.webp\" class=\"attachment-original size-original\" alt=\"sono-es-gs1\" srcset=\"https:\/\/www.imko.de\/wp-content\/uploads\/2024\/11\/sono-es-gs1.webp 600w, https:\/\/www.imko.de\/wp-content\/uploads\/2024\/11\/sono-es-gs1-100x100.webp 100w, https:\/\/www.imko.de\/wp-content\/uploads\/2024\/11\/sono-es-gs1-510x510.webp 510w, https:\/\/www.imko.de\/wp-content\/uploads\/2024\/11\/sono-es-gs1-300x300.webp 300w, https:\/\/www.imko.de\/wp-content\/uploads\/2024\/11\/sono-es-gs1-150x150.webp 150w, https:\/\/www.imko.de\/wp-content\/uploads\/2024\/11\/sono-es-gs1-12x12.webp 12w\" sizes=\"(max-width: 600px) 100vw, 600px\" \/>\t\t\t\t\t\t\t\t\t\t\t<\/div>\n\t\t\t\t\t<\/div>\n\n\t\t<div class=\"box-text text-center\" >\n\t\t\t<div class=\"box-text-inner\">\n\t\t\t\t\n\t<div id=\"text-2307306590\" class=\"text\">\n\t\t\n<h6><span style=\"color: #67717c;\">MOISTURE MEASUREMENT BULK MATERIAL<\/span><\/h6>\n\t\t\n<style>\n#text-2307306590 {\n  text-align: left;\n}\n<\/style>\n\t<\/div>\n\t\n\t<div id=\"text-1562980244\" class=\"text\">\n\t\t\n<h5>SONO ES GS1<\/h5>\n\t\t\n<style>\n#text-1562980244 {\n  text-align: left;\n}\n<\/style>\n\t<\/div>\n\t\n\t<div id=\"text-1337046792\" class=\"text\">\n\t\t\n<p>Art. -Nr. 308082<\/p>\n\t\t\n<style>\n#text-1337046792 {\n  text-align: left;\n}\n<\/style>\n\t<\/div>\n\t\n\t\t\t<\/div>\n\t\t<\/div>\n\t<\/div>\n\t\n\t\t<\/div>\n\t\t\t\t\t<\/div>\n\n\t\n\n\t<div id=\"col-1495914043\" class=\"col medium-3 small-12 large-3\"  >\n\t\t\t\t<div class=\"col-inner\"  >\n\t\t\t\n\t\t\t\n\t<div class=\"box has-hover   has-hover box-text-bottom\" >\n\n\t\t<div class=\"box-image\" >\n\t\t\t\t\t\t<div class=\"\" >\n\t\t\t\t<img decoding=\"async\" width=\"600\" height=\"600\" src=\"https:\/\/www.imko.de\/wp-content\/uploads\/2024\/11\/sono-ex-gs1.webp\" class=\"attachment-original size-original\" alt=\"sono-ex-gs1\" srcset=\"https:\/\/www.imko.de\/wp-content\/uploads\/2024\/11\/sono-ex-gs1.webp 600w, https:\/\/www.imko.de\/wp-content\/uploads\/2024\/11\/sono-ex-gs1-100x100.webp 100w, https:\/\/www.imko.de\/wp-content\/uploads\/2024\/11\/sono-ex-gs1-510x510.webp 510w, https:\/\/www.imko.de\/wp-content\/uploads\/2024\/11\/sono-ex-gs1-300x300.webp 300w, https:\/\/www.imko.de\/wp-content\/uploads\/2024\/11\/sono-ex-gs1-150x150.webp 150w, https:\/\/www.imko.de\/wp-content\/uploads\/2024\/11\/sono-ex-gs1-12x12.webp 12w\" sizes=\"(max-width: 600px) 100vw, 600px\" \/>\t\t\t\t\t\t\t\t\t\t\t<\/div>\n\t\t\t\t\t<\/div>\n\n\t\t<div class=\"box-text text-center\" >\n\t\t\t<div class=\"box-text-inner\">\n\t\t\t\t\n\t<div id=\"text-3901206539\" class=\"text\">\n\t\t\n<h6><span style=\"color: #67717c;\">MOISTURE MEASUREMENT BULK MATERIAL<\/span><\/h6>\n\t\t\n<style>\n#text-3901206539 {\n  text-align: left;\n}\n<\/style>\n\t<\/div>\n\t\n\t<div id=\"text-2303288947\" class=\"text\">\n\t\t\n<h5>SONO Ex GS1<\/h5>\n\t\t\n<style>\n#text-2303288947 {\n  text-align: left;\n}\n<\/style>\n\t<\/div>\n\t\n\t\t\t<\/div>\n\t\t<\/div>\n\t<\/div>\n\t\n\t\t<\/div>\n\t\t\t\t\t<\/div>\n\n\t\n<\/div>","protected":false},"excerpt":{"rendered":"<p>Large rectangular sensor for high-precision applications and for installation in container walls, along screw conveyors and pipelines or similar Sensor surface made of stainless steel (V4A) and PEEK or similar.<\/p>","protected":false},"featured_media":2299,"template":"","meta":[],"product_brand":[],"product_cat":[23],"product_tag":[],"class_list":{"0":"post-1974","1":"product","2":"type-product","3":"status-publish","4":"has-post-thumbnail","6":"product_cat-feuchtemessung-schuettgut","8":"first","9":"instock","10":"shipping-taxable","11":"product-type-simple"},"yoast_head":"<!-- This site is optimized with the Yoast SEO plugin v27.4 - https:\/\/yoast.com\/product\/yoast-seo-wordpress\/ -->\n<title>SONO GS1 - IMKO - Experten f\u00fcr Feuchtesensoren<\/title>\n<meta name=\"robots\" content=\"index, follow, max-snippet:-1, max-image-preview:large, max-video-preview:-1\" \/>\n<link rel=\"canonical\" href=\"https:\/\/www.imko.de\/en\/product-2\/sono-gs1\/\" \/>\n<meta property=\"og:locale\" content=\"en_GB\" \/>\n<meta property=\"og:type\" content=\"article\" \/>\n<meta property=\"og:title\" content=\"SONO GS1 - IMKO - Experten f\u00fcr Feuchtesensoren\" \/>\n<meta property=\"og:description\" content=\"Gro\u00dfer Rechtecksensor f\u00fcr Hochpr\u00e4zisionsanwendungen und f\u00fcr den Einbau in Beh\u00e4lterwandungen, entlang von F\u00f6rderschnecken und Rohrleitungen oder \u00e4hnlich Sensoroberfl\u00e4che aus Edelstahl (V4A) und PEEK.\" \/>\n<meta property=\"og:url\" content=\"https:\/\/www.imko.de\/en\/product-2\/sono-gs1\/\" \/>\n<meta property=\"og:site_name\" content=\"IMKO - Experten f\u00fcr Feuchtesensoren\" \/>\n<meta property=\"article:modified_time\" content=\"2025-03-19T16:09:38+00:00\" \/>\n<meta property=\"og:image\" content=\"https:\/\/www.imko.de\/wp-content\/uploads\/2025\/03\/ogimage-imko-logo.png\" \/>\n\t<meta property=\"og:image:width\" content=\"600\" \/>\n\t<meta property=\"og:image:height\" content=\"600\" \/>\n\t<meta property=\"og:image:type\" content=\"image\/webp\" \/>\n<meta name=\"twitter:card\" content=\"summary_large_image\" \/>\n<meta name=\"twitter:label1\" content=\"Estimated reading time\" \/>\n\t<meta name=\"twitter:data1\" content=\"3 minutes\" \/>\n<script type=\"application\/ld+json\" class=\"yoast-schema-graph\">{\"@context\":\"https:\\\/\\\/schema.org\",\"@graph\":[{\"@type\":\"WebPage\",\"@id\":\"https:\\\/\\\/www.imko.de\\\/produkt\\\/sono-gs1\\\/\",\"url\":\"https:\\\/\\\/www.imko.de\\\/produkt\\\/sono-gs1\\\/\",\"name\":\"SONO GS1 - IMKO - Experten f\u00fcr Feuchtesensoren\",\"isPartOf\":{\"@id\":\"https:\\\/\\\/www.imko.de\\\/#website\"},\"primaryImageOfPage\":{\"@id\":\"https:\\\/\\\/www.imko.de\\\/produkt\\\/sono-gs1\\\/#primaryimage\"},\"image\":{\"@id\":\"https:\\\/\\\/www.imko.de\\\/produkt\\\/sono-gs1\\\/#primaryimage\"},\"thumbnailUrl\":\"https:\\\/\\\/www.imko.de\\\/wp-content\\\/uploads\\\/2024\\\/12\\\/sono-gs1-anwendung.webp\",\"datePublished\":\"2024-11-17T08:26:27+00:00\",\"dateModified\":\"2025-03-19T16:09:38+00:00\",\"breadcrumb\":{\"@id\":\"https:\\\/\\\/www.imko.de\\\/produkt\\\/sono-gs1\\\/#breadcrumb\"},\"inLanguage\":\"en-GB\",\"potentialAction\":[{\"@type\":\"ReadAction\",\"target\":[\"https:\\\/\\\/www.imko.de\\\/produkt\\\/sono-gs1\\\/\"]}]},{\"@type\":\"ImageObject\",\"inLanguage\":\"en-GB\",\"@id\":\"https:\\\/\\\/www.imko.de\\\/produkt\\\/sono-gs1\\\/#primaryimage\",\"url\":\"https:\\\/\\\/www.imko.de\\\/wp-content\\\/uploads\\\/2024\\\/12\\\/sono-gs1-anwendung.webp\",\"contentUrl\":\"https:\\\/\\\/www.imko.de\\\/wp-content\\\/uploads\\\/2024\\\/12\\\/sono-gs1-anwendung.webp\",\"width\":600,\"height\":600,\"caption\":\"sono-gs1-anwendung\"},{\"@type\":\"BreadcrumbList\",\"@id\":\"https:\\\/\\\/www.imko.de\\\/produkt\\\/sono-gs1\\\/#breadcrumb\",\"itemListElement\":[{\"@type\":\"ListItem\",\"position\":1,\"name\":\"Startseite\",\"item\":\"https:\\\/\\\/www.imko.de\\\/\"},{\"@type\":\"ListItem\",\"position\":2,\"name\":\"Shop\",\"item\":\"https:\\\/\\\/www.imko.de\\\/?page_id=1968\"},{\"@type\":\"ListItem\",\"position\":3,\"name\":\"SONO GS1\"}]},{\"@type\":\"WebSite\",\"@id\":\"https:\\\/\\\/www.imko.de\\\/#website\",\"url\":\"https:\\\/\\\/www.imko.de\\\/\",\"name\":\"IMKO - Experten f\u00fcr Feuchtesensoren\",\"description\":\"\",\"potentialAction\":[{\"@type\":\"SearchAction\",\"target\":{\"@type\":\"EntryPoint\",\"urlTemplate\":\"https:\\\/\\\/www.imko.de\\\/?s={search_term_string}\"},\"query-input\":{\"@type\":\"PropertyValueSpecification\",\"valueRequired\":true,\"valueName\":\"search_term_string\"}}],\"inLanguage\":\"en-GB\"}]}<\/script>\n<!-- \/ Yoast SEO plugin. -->","yoast_head_json":{"title":"SONO GS1 - IMKO - Experten f\u00fcr Feuchtesensoren","robots":{"index":"index","follow":"follow","max-snippet":"max-snippet:-1","max-image-preview":"max-image-preview:large","max-video-preview":"max-video-preview:-1"},"canonical":"https:\/\/www.imko.de\/en\/product-2\/sono-gs1\/","og_locale":"en_GB","og_type":"article","og_title":"SONO GS1 - IMKO - Experten f\u00fcr Feuchtesensoren","og_description":"Gro\u00dfer Rechtecksensor f\u00fcr Hochpr\u00e4zisionsanwendungen und f\u00fcr den Einbau in Beh\u00e4lterwandungen, entlang von F\u00f6rderschnecken und Rohrleitungen oder \u00e4hnlich Sensoroberfl\u00e4che aus Edelstahl (V4A) und PEEK.","og_url":"https:\/\/www.imko.de\/en\/product-2\/sono-gs1\/","og_site_name":"IMKO - Experten f\u00fcr Feuchtesensoren","article_modified_time":"2025-03-19T16:09:38+00:00","og_image":[{"width":600,"height":600,"url":"https:\/\/www.imko.de\/wp-content\/uploads\/2025\/03\/ogimage-imko-logo.png","type":"image\/webp"}],"twitter_card":"summary_large_image","twitter_misc":{"Estimated reading time":"3 minutes"},"schema":{"@context":"https:\/\/schema.org","@graph":[{"@type":"WebPage","@id":"https:\/\/www.imko.de\/produkt\/sono-gs1\/","url":"https:\/\/www.imko.de\/produkt\/sono-gs1\/","name":"SONO GS1 - IMKO - Experten f\u00fcr Feuchtesensoren","isPartOf":{"@id":"https:\/\/www.imko.de\/#website"},"primaryImageOfPage":{"@id":"https:\/\/www.imko.de\/produkt\/sono-gs1\/#primaryimage"},"image":{"@id":"https:\/\/www.imko.de\/produkt\/sono-gs1\/#primaryimage"},"thumbnailUrl":"https:\/\/www.imko.de\/wp-content\/uploads\/2024\/12\/sono-gs1-anwendung.webp","datePublished":"2024-11-17T08:26:27+00:00","dateModified":"2025-03-19T16:09:38+00:00","breadcrumb":{"@id":"https:\/\/www.imko.de\/produkt\/sono-gs1\/#breadcrumb"},"inLanguage":"en-GB","potentialAction":[{"@type":"ReadAction","target":["https:\/\/www.imko.de\/produkt\/sono-gs1\/"]}]},{"@type":"ImageObject","inLanguage":"en-GB","@id":"https:\/\/www.imko.de\/produkt\/sono-gs1\/#primaryimage","url":"https:\/\/www.imko.de\/wp-content\/uploads\/2024\/12\/sono-gs1-anwendung.webp","contentUrl":"https:\/\/www.imko.de\/wp-content\/uploads\/2024\/12\/sono-gs1-anwendung.webp","width":600,"height":600,"caption":"sono-gs1-anwendung"},{"@type":"BreadcrumbList","@id":"https:\/\/www.imko.de\/produkt\/sono-gs1\/#breadcrumb","itemListElement":[{"@type":"ListItem","position":1,"name":"Startseite","item":"https:\/\/www.imko.de\/"},{"@type":"ListItem","position":2,"name":"Shop","item":"https:\/\/www.imko.de\/?page_id=1968"},{"@type":"ListItem","position":3,"name":"SONO GS1"}]},{"@type":"WebSite","@id":"https:\/\/www.imko.de\/#website","url":"https:\/\/www.imko.de\/","name":"IMKO - Experts for humidity sensors","description":"","potentialAction":[{"@type":"SearchAction","target":{"@type":"EntryPoint","urlTemplate":"https:\/\/www.imko.de\/?s={search_term_string}"},"query-input":{"@type":"PropertyValueSpecification","valueRequired":true,"valueName":"search_term_string"}}],"inLanguage":"en-GB"}]}},"_links":{"self":[{"href":"https:\/\/www.imko.de\/en\/wp-json\/wp\/v2\/product\/1974","targetHints":{"allow":["GET"]}}],"collection":[{"href":"https:\/\/www.imko.de\/en\/wp-json\/wp\/v2\/product"}],"about":[{"href":"https:\/\/www.imko.de\/en\/wp-json\/wp\/v2\/types\/product"}],"wp:featuredmedia":[{"embeddable":true,"href":"https:\/\/www.imko.de\/en\/wp-json\/wp\/v2\/media\/2299"}],"wp:attachment":[{"href":"https:\/\/www.imko.de\/en\/wp-json\/wp\/v2\/media?parent=1974"}],"wp:term":[{"taxonomy":"product_brand","embeddable":true,"href":"https:\/\/www.imko.de\/en\/wp-json\/wp\/v2\/product_brand?post=1974"},{"taxonomy":"product_cat","embeddable":true,"href":"https:\/\/www.imko.de\/en\/wp-json\/wp\/v2\/product_cat?post=1974"},{"taxonomy":"product_tag","embeddable":true,"href":"https:\/\/www.imko.de\/en\/wp-json\/wp\/v2\/product_tag?post=1974"}],"curies":[{"name":"wp","href":"https:\/\/api.w.org\/{rel}","templated":true}]}}