{"id":27,"date":"2024-07-16T18:40:47","date_gmt":"2024-07-16T18:40:47","guid":{"rendered":"https:\/\/domain-selection.com\/?page_id=27"},"modified":"2024-11-17T12:20:42","modified_gmt":"2024-11-17T12:20:42","slug":"imprimir","status":"publish","type":"page","link":"https:\/\/www.imko.de\/es\/impressum\/","title":{"rendered":"Aviso legal"},"content":{"rendered":"<section class=\"section\" id=\"section_1667731952\">\n\t\t<div class=\"section-bg fill\" >\n\t\t\t\t\t\t\t\t\t\n\t\t\t\n\n\t\t<\/div>\n\n\t\t\n\n\t\t<div class=\"section-content relative\">\n\t\t\t\n\n<div class=\"row align-middle\"  id=\"row-1963507688\">\n\n\n\t<div id=\"col-495809925\" class=\"col small-12 large-12\"  >\n\t\t\t\t<div class=\"col-inner\"  >\n\t\t\t\n\t\t\t\n\n<div class=\"et_pb_module et_pb_text et_pb_text_0et_pb_text_align_justified et_pb_bg_layout_light\">\n<div class=\"et_pb_text_inner\">\n<h2>IMPRIMIR<\/h2>\n<\/div>\n<\/div>\n<section class=\"av_textblock_section av-20y9uz-f243d10c7d14353a4f90a8cce9c54ae6\">\n<div class=\"avia_textblock\">\n<h3>Nombre y direcci\u00f3n:<\/h3>\n<p>IMKO Micromodultechnik GmbH<br \/>Am Reutgraben 2<br \/>76275 Ettlingen (Alemania)<\/p>\n<h3>C\u00f3mo ponerse en contacto con nosotros:<\/h3>\n<p>Tel\u00e9fono: (+49) 07243\/59210<br \/>Fax: (+49) 07243\/5921-40<br \/>Correo electr\u00f3nico: info@imko.de<\/p>\n<h3>Registre el tribunal:<\/h3>\n<p>Domicilio social de la empresa: Ettlingen<br \/>Registrado: Juzgado de Primera Instancia de Mannheim<br \/>N\u00famero de registro mercantil: HR: HRB 360936<br \/>Director Gerente: Dipl.-Phys. Stefan Rolf<\/p>\n<p>NIF \/ CIF: DE 143242490<\/p>\n<h3>Condiciones de uso:<\/h3>\n<p>Al utilizar el sitio web, se reconocen como vinculantes las condiciones de uso de la oferta.<br \/>El uso de este sitio web proporcionado por IMKO (proveedor) por clientes del proveedor y por terceros (usuarios) est\u00e1 sujeto a las siguientes disposiciones:<\/p>\n<p>La reproducci\u00f3n, transmisi\u00f3n, distribuci\u00f3n y almacenamiento de todo o parte del contenido de este sitio web requiere la autorizaci\u00f3n previa por escrito de IMKO Micromodultechnik GmbH (en adelante IMKO). El contenido no podr\u00e1 ser modificado. Sin embargo, puede guardar e imprimir copias de extractos del sitio web en su ordenador \u00fanicamente para su uso personal. Se permite el uso de comunicados de prensa y otros documentos clasificados como p\u00fablicos siempre que se cite la fuente de la informaci\u00f3n.<\/p>\n<h3>Responsabilidad civil:<\/h3>\n<p>En ning\u00fan caso IMKO ser\u00e1 responsable de cualquier da\u00f1o derivado del uso o de la imposibilidad de uso de los contenidos de este sitio web.<\/p>\n<h3>Instrucciones de seguridad:<\/h3>\n<p>IMKO se esfuerza por tomar todas las medidas t\u00e9cnicas y organizativas para almacenar sus datos personales de forma que no sean accesibles a terceros. No podemos garantizar la total seguridad de los datos cuando se comunica por correo electr\u00f3nico, por lo que le recomendamos que env\u00ede la informaci\u00f3n confidencial por correo postal.<\/p>\n<h3>Marcas:<\/h3>\n<p>El sitio web contiene logotipos de empresas, nombres de productos, nombres de marcas y otros s\u00edmbolos identificativos que son, directa o indirectamente, bienes protegidos por derechos de autor o marcas registradas de IMKO. El sitio web tambi\u00e9n puede contener marcas comerciales o marcas registradas que son propiedad de terceros. Cualquier uso no autorizado de estas marcas est\u00e1 estrictamente prohibido.<\/p>\n<h3>Elecci\u00f3n de la ley aplicable:<\/h3>\n<p>Se aplicar\u00e1 exclusivamente la legislaci\u00f3n alemana. Si alguna de las disposiciones de esta declaraci\u00f3n de utilizaci\u00f3n no fuera v\u00e1lida, las dem\u00e1s disposiciones seguir\u00e1n siendo v\u00e1lidas.<br \/>IMKO se reserva el derecho a modificar esta declaraci\u00f3n de utilizaci\u00f3n en cualquier momento. El lugar de jurisdicci\u00f3n es Ettlingen.<\/p>\n<\/div>\n<\/section>\n\n\t\t<\/div>\n\t\t\t\t\t<\/div>\n\n\t\n\n<\/div>\n\n\t\t<\/div>\n\n\t\t\n<style>\n#section_1667731952 {\n  padding-top: 30px;\n  padding-bottom: 30px;\n}\n<\/style>\n\t<\/section>","protected":false},"excerpt":{"rendered":"","protected":false},"author":3,"featured_media":0,"parent":0,"menu_order":52,"comment_status":"closed","ping_status":"closed","template":"page-blank.php","meta":{"footnotes":""},"class_list":["post-27","page","type-page","status-publish","hentry"],"yoast_head":"<!-- This site is optimized with the Yoast SEO plugin v27.4 - https:\/\/yoast.com\/product\/yoast-seo-wordpress\/ -->\n<title>Impressum - IMKO - Experten f\u00fcr Feuchtesensoren<\/title>\n<meta name=\"description\" content=\"Impressum der imko AG: Kontakt, rechtliche Hinweise, Haftungsausschluss und Urheberrecht. Details zu Ansprechpartnern und Registern.\" \/>\n<meta name=\"robots\" content=\"index, follow, max-snippet:-1, max-image-preview:large, max-video-preview:-1\" \/>\n<link rel=\"canonical\" href=\"https:\/\/www.imko.de\/es\/imprimir\/\" \/>\n<meta property=\"og:locale\" content=\"es_ES\" \/>\n<meta property=\"og:type\" content=\"article\" \/>\n<meta property=\"og:title\" content=\"Impressum - IMKO - Experten f\u00fcr Feuchtesensoren\" \/>\n<meta property=\"og:description\" content=\"Impressum der imko AG: Kontakt, rechtliche Hinweise, Haftungsausschluss und Urheberrecht. Details zu Ansprechpartnern und Registern.\" \/>\n<meta property=\"og:url\" content=\"https:\/\/www.imko.de\/es\/imprimir\/\" \/>\n<meta property=\"og:site_name\" content=\"IMKO - Experten f\u00fcr Feuchtesensoren\" \/>\n<meta property=\"article:modified_time\" content=\"2024-11-17T12:20:42+00:00\" \/>\n<meta name=\"twitter:card\" content=\"summary_large_image\" \/>\n<meta name=\"twitter:label1\" content=\"Tiempo de lectura\" \/>\n\t<meta name=\"twitter:data1\" content=\"3 minutos\" \/>\n<script type=\"application\/ld+json\" class=\"yoast-schema-graph\">{\"@context\":\"https:\\\/\\\/schema.org\",\"@graph\":[{\"@type\":\"WebPage\",\"@id\":\"https:\\\/\\\/www.imko.de\\\/impressum\\\/\",\"url\":\"https:\\\/\\\/www.imko.de\\\/impressum\\\/\",\"name\":\"Impressum - IMKO - Experten f\u00fcr Feuchtesensoren\",\"isPartOf\":{\"@id\":\"https:\\\/\\\/www.imko.de\\\/#website\"},\"datePublished\":\"2024-07-16T18:40:47+00:00\",\"dateModified\":\"2024-11-17T12:20:42+00:00\",\"description\":\"Impressum der imko AG: Kontakt, rechtliche Hinweise, Haftungsausschluss und Urheberrecht. Details zu Ansprechpartnern und Registern.\",\"breadcrumb\":{\"@id\":\"https:\\\/\\\/www.imko.de\\\/impressum\\\/#breadcrumb\"},\"inLanguage\":\"es\",\"potentialAction\":[{\"@type\":\"ReadAction\",\"target\":[\"https:\\\/\\\/www.imko.de\\\/impressum\\\/\"]}]},{\"@type\":\"BreadcrumbList\",\"@id\":\"https:\\\/\\\/www.imko.de\\\/impressum\\\/#breadcrumb\",\"itemListElement\":[{\"@type\":\"ListItem\",\"position\":1,\"name\":\"Startseite\",\"item\":\"https:\\\/\\\/www.imko.de\\\/\"},{\"@type\":\"ListItem\",\"position\":2,\"name\":\"Impressum\"}]},{\"@type\":\"WebSite\",\"@id\":\"https:\\\/\\\/www.imko.de\\\/#website\",\"url\":\"https:\\\/\\\/www.imko.de\\\/\",\"name\":\"IMKO - Experten f\u00fcr Feuchtesensoren\",\"description\":\"\",\"potentialAction\":[{\"@type\":\"SearchAction\",\"target\":{\"@type\":\"EntryPoint\",\"urlTemplate\":\"https:\\\/\\\/www.imko.de\\\/?s={search_term_string}\"},\"query-input\":{\"@type\":\"PropertyValueSpecification\",\"valueRequired\":true,\"valueName\":\"search_term_string\"}}],\"inLanguage\":\"es\"}]}<\/script>\n<!-- \/ Yoast SEO plugin. -->","yoast_head_json":{"title":"Pie de imprenta - IMKO - Expertos en sensores de humedad","description":"Pie de imprenta de imko AG: Contacto, informaci\u00f3n legal, descargo de responsabilidad y derechos de autor. Datos de las personas de contacto y registros.","robots":{"index":"index","follow":"follow","max-snippet":"max-snippet:-1","max-image-preview":"max-image-preview:large","max-video-preview":"max-video-preview:-1"},"canonical":"https:\/\/www.imko.de\/es\/imprimir\/","og_locale":"es_ES","og_type":"article","og_title":"Impressum - IMKO - Experten f\u00fcr Feuchtesensoren","og_description":"Impressum der imko AG: Kontakt, rechtliche Hinweise, Haftungsausschluss und Urheberrecht. Details zu Ansprechpartnern und Registern.","og_url":"https:\/\/www.imko.de\/es\/imprimir\/","og_site_name":"IMKO - Experten f\u00fcr Feuchtesensoren","article_modified_time":"2024-11-17T12:20:42+00:00","twitter_card":"summary_large_image","twitter_misc":{"Tiempo de lectura":"3 minutos"},"schema":{"@context":"https:\/\/schema.org","@graph":[{"@type":"WebPage","@id":"https:\/\/www.imko.de\/impressum\/","url":"https:\/\/www.imko.de\/impressum\/","name":"Pie de imprenta - IMKO - Expertos en sensores de humedad","isPartOf":{"@id":"https:\/\/www.imko.de\/#website"},"datePublished":"2024-07-16T18:40:47+00:00","dateModified":"2024-11-17T12:20:42+00:00","description":"Pie de imprenta de imko AG: Contacto, informaci\u00f3n legal, descargo de responsabilidad y derechos de autor. Datos de las personas de contacto y registros.","breadcrumb":{"@id":"https:\/\/www.imko.de\/impressum\/#breadcrumb"},"inLanguage":"es","potentialAction":[{"@type":"ReadAction","target":["https:\/\/www.imko.de\/impressum\/"]}]},{"@type":"BreadcrumbList","@id":"https:\/\/www.imko.de\/impressum\/#breadcrumb","itemListElement":[{"@type":"ListItem","position":1,"name":"Startseite","item":"https:\/\/www.imko.de\/"},{"@type":"ListItem","position":2,"name":"Impressum"}]},{"@type":"WebSite","@id":"https:\/\/www.imko.de\/#website","url":"https:\/\/www.imko.de\/","name":"IMKO - Expertos en sensores de humedad","description":"","potentialAction":[{"@type":"SearchAction","target":{"@type":"EntryPoint","urlTemplate":"https:\/\/www.imko.de\/?s={search_term_string}"},"query-input":{"@type":"PropertyValueSpecification","valueRequired":true,"valueName":"search_term_string"}}],"inLanguage":"es"}]}},"_links":{"self":[{"href":"https:\/\/www.imko.de\/es\/wp-json\/wp\/v2\/pages\/27","targetHints":{"allow":["GET"]}}],"collection":[{"href":"https:\/\/www.imko.de\/es\/wp-json\/wp\/v2\/pages"}],"about":[{"href":"https:\/\/www.imko.de\/es\/wp-json\/wp\/v2\/types\/page"}],"author":[{"embeddable":true,"href":"https:\/\/www.imko.de\/es\/wp-json\/wp\/v2\/users\/3"}],"replies":[{"embeddable":true,"href":"https:\/\/www.imko.de\/es\/wp-json\/wp\/v2\/comments?post=27"}],"version-history":[{"count":8,"href":"https:\/\/www.imko.de\/es\/wp-json\/wp\/v2\/pages\/27\/revisions"}],"predecessor-version":[{"id":2035,"href":"https:\/\/www.imko.de\/es\/wp-json\/wp\/v2\/pages\/27\/revisions\/2035"}],"wp:attachment":[{"href":"https:\/\/www.imko.de\/es\/wp-json\/wp\/v2\/media?parent=27"}],"curies":[{"name":"wp","href":"https:\/\/api.w.org\/{rel}","templated":true}]}}