{"id":633,"date":"2024-07-24T13:09:22","date_gmt":"2024-07-24T13:09:22","guid":{"rendered":"https:\/\/domain-selection.com\/?page_id=633"},"modified":"2025-02-12T06:40:07","modified_gmt":"2025-02-12T06:40:07","slug":"galletas","status":"publish","type":"page","link":"https:\/\/www.imko.de\/es\/cookies\/","title":{"rendered":"Cookies"},"content":{"rendered":"<section class=\"section\" id=\"section_785968255\">\n\t\t<div class=\"section-bg fill\" >\n\t\t\t\t\t\t\t\t\t\n\t\t\t\n\n\t\t<\/div>\n\n\t\t\n\n\t\t<div class=\"section-content relative\">\n\t\t\t\n\n<div class=\"row align-equal\"  id=\"row-301382287\">\n\n\n\t<div id=\"col-1074496279\" class=\"col small-12 large-12\"  >\n\t\t\t\t<div class=\"col-inner text-center\"  >\n\t\t\t\n\t\t\t\n\n<h1>Cookies<\/h1>\n<p class=\"uppercase\">Puede editar sus cookies para este sitio web aqu\u00ed<\/p>\n\n\t\t<\/div>\n\t\t\t\t\t<\/div>\n\n\t\n\n\t<div id=\"col-797481724\" class=\"col medium-4 small-12 large-4\"  >\n\t\t\t\t<div class=\"col-inner text-center box-shadow-2\"  >\n\t\t\t\n\t\t\t\n\n\n\t\t<div class=\"icon-box featured-box icon-box-top text-left\"  >\n\t\t\t\t\t<div class=\"icon-box-img\" style=\"width: 60px\">\n\t\t\t\t<div class=\"icon\">\n\t\t\t\t\t<div class=\"icon-inner\" style=\"color:#007caa;\">\n\t\t\t\t\t\t<svg xmlns=\"http:\/\/www.w3.org\/2000\/svg\" width=\"24\" height=\"24\" viewbox=\"0 0 24 24\"><path fill=\"currentColor\" d=\"M11 17h2v-6h-2zm1-8q.425 0 .713-.288T13 8t-.288-.712T12 7t-.712.288T11 8t.288.713T12 9m0 13q-3.475-.875-5.738-3.988T4 11.1V5l8-3l8 3v6.1q0 3.8-2.262 6.913T12 22\"\/><\/svg>\t\t\t\t\t<\/div>\n\t\t\t\t<\/div>\n\t\t\t<\/div>\n\t\t\t\t<div class=\"icon-box-text last-reset\">\n\t\t\t\t\t\t\t\t\t\n\n\t<div id=\"text-813994880\" class=\"text\">\n\t\t\n\n<h4><strong><a  href=\"#consent-change\" role=\"button\" id=\"rcb-sc-link-change\" data-success-message=\"\" class=\"rcb-sc-link rcb-sc-link-change\">Cambiar los ajustes de privacidad<\/a><\/strong><\/h4>\n\t\t\n<style>\n#text-813994880 {\n  text-align: center;\n}\n<\/style>\n\t<\/div>\n\t\n\n\t\t<\/div>\n\t<\/div>\n\t\n\t\n\n\t\t<\/div>\n\t\t\t\t\n<style>\n#col-797481724 > .col-inner {\n  padding: 25px 25px 25px 25px;\n  border-radius: 25px;\n}\n<\/style>\n\t<\/div>\n\n\t\n\n\t<div id=\"col-1630759246\" class=\"col medium-4 small-12 large-4\"  >\n\t\t\t\t<div class=\"col-inner text-center box-shadow-2\"  >\n\t\t\t\n\t\t\t\n\n\n\t\t<div class=\"icon-box featured-box icon-box-top text-left\"  >\n\t\t\t\t\t<div class=\"icon-box-img\" style=\"width: 60px\">\n\t\t\t\t<div class=\"icon\">\n\t\t\t\t\t<div class=\"icon-inner\" style=\"color:#007caa;\">\n\t\t\t\t\t\t<svg xmlns=\"http:\/\/www.w3.org\/2000\/svg\" width=\"24\" height=\"24\" viewbox=\"0 0 24 24\"><path fill=\"currentColor\" d=\"M12 10.85L6.075 7.425L5 8.05V9.1l7 4.05l7-4.05V8.05l-1.075-.625zm-1 10.875L4 17.7q-.475-.275-.737-.725t-.263-1v-7.95q0-.55.263-1T4 6.3l7-4.025Q11.475 2 12 2t1 .275L20 6.3q.475.275.738.725t.262 1v4.65q-.675-.325-1.437-.5T18 12q-2.9 0-4.95 2.05T11 19q0 .8.163 1.538t.487 1.412q-.175-.05-.337-.087T11 21.725M18 24q-2.075 0-3.537-1.463T13 19t1.463-3.537T18 14t3.538 1.463T23 19t-1.463 3.538T18 24m.5-5.2V16h-1v3.2l2.15 2.15l.7-.7z\"\/><\/svg>\t\t\t\t\t<\/div>\n\t\t\t\t<\/div>\n\t\t\t<\/div>\n\t\t\t\t<div class=\"icon-box-text last-reset\">\n\t\t\t\t\t\t\t\t\t\n\n\t<div id=\"text-4041549680\" class=\"text\">\n\t\t\n\n<h4><strong><a  href=\"#consent-history\" role=\"button\" id=\"rcb-sc-link-history\" data-success-message=\"\" class=\"rcb-sc-link rcb-sc-link-history\">Historial de los ajustes de privacidad<\/a><\/strong><\/h4>\n\t\t\n<style>\n#text-4041549680 {\n  text-align: center;\n}\n<\/style>\n\t<\/div>\n\t\n\n\t\t<\/div>\n\t<\/div>\n\t\n\t\n\n\t\t<\/div>\n\t\t\t\t\n<style>\n#col-1630759246 > .col-inner {\n  padding: 25px 25px 25px 25px;\n  border-radius: 25px;\n}\n<\/style>\n\t<\/div>\n\n\t\n\n\t<div id=\"col-166599473\" class=\"col medium-4 small-12 large-4\"  >\n\t\t\t\t<div class=\"col-inner text-center box-shadow-2\"  >\n\t\t\t\n\t\t\t\n\n\n\t\t<div class=\"icon-box featured-box icon-box-top text-left\"  >\n\t\t\t\t\t<div class=\"icon-box-img\" style=\"width: 60px\">\n\t\t\t\t<div class=\"icon\">\n\t\t\t\t\t<div class=\"icon-inner\" style=\"color:#007caa;\">\n\t\t\t\t\t\t<svg xmlns=\"http:\/\/www.w3.org\/2000\/svg\" width=\"24\" height=\"24\" viewbox=\"0 0 24 24\"><path fill=\"currentColor\" d=\"M8 19q-.425 0-.712-.288T7 18t.288-.712T8 17h6.1q1.575 0 2.738-1T18 13.5T16.838 11T14.1 10H7.8l1.9 1.9q.275.275.275.7t-.275.7t-.7.275t-.7-.275L4.7 9.7q-.15-.15-.213-.325T4.426 9t.063-.375T4.7 8.3l3.6-3.6q.275-.275.7-.275t.7.275t.275.7t-.275.7L7.8 8h6.3q2.425 0 4.163 1.575T20 13.5t-1.737 3.925T14.1 19z\"\/><\/svg>\t\t\t\t\t<\/div>\n\t\t\t\t<\/div>\n\t\t\t<\/div>\n\t\t\t\t<div class=\"icon-box-text last-reset\">\n\t\t\t\t\t\t\t\t\t\n\n\t<div id=\"text-663047635\" class=\"text\">\n\t\t\n\n<h4><a  href=\"#consent-revoke\" role=\"button\" id=\"rcb-sc-link-revoke\" data-success-message=\"Du hast die Einwilligung erfolgreich widerrufen. Die Seite wird nun neu geladen.\" class=\"rcb-sc-link rcb-sc-link-revoke\">Revocar consentimientos<\/a><\/h4>\n\t\t\n<style>\n#text-663047635 {\n  text-align: center;\n}\n<\/style>\n\t<\/div>\n\t\n\n\t\t<\/div>\n\t<\/div>\n\t\n\t\n\n\t\t<\/div>\n\t\t\t\t\n<style>\n#col-166599473 > .col-inner {\n  padding: 25px 25px 25px 25px;\n  border-radius: 25px;\n}\n<\/style>\n\t<\/div>\n\n\t\n\n<\/div>\n\n\t\t<\/div>\n\n\t\t\n<style>\n#section_785968255 {\n  padding-top: 30px;\n  padding-bottom: 30px;\n}\n<\/style>\n\t<\/section>","protected":false},"excerpt":{"rendered":"","protected":false},"author":3,"featured_media":0,"parent":0,"menu_order":50,"comment_status":"closed","ping_status":"closed","template":"","meta":{"footnotes":""},"class_list":["post-633","page","type-page","status-publish","hentry"],"yoast_head":"<!-- This site is optimized with the Yoast SEO plugin v27.4 - https:\/\/yoast.com\/product\/yoast-seo-wordpress\/ -->\n<title>Cookies - IMKO - Experten f\u00fcr Feuchtesensoren<\/title>\n<meta name=\"description\" content=\"Verwalten Sie Ihre Cookies und Privatsph\u00e4re-Einstellungen hier. \u00c4ndern, einsehen oder widerrufen Sie Ihre Einwilligungen.\" \/>\n<meta name=\"robots\" content=\"index, follow, max-snippet:-1, max-image-preview:large, max-video-preview:-1\" \/>\n<link rel=\"canonical\" href=\"https:\/\/www.imko.de\/es\/galletas\/\" \/>\n<meta property=\"og:locale\" content=\"es_ES\" \/>\n<meta property=\"og:type\" content=\"article\" \/>\n<meta property=\"og:title\" content=\"Cookies - IMKO - Experten f\u00fcr Feuchtesensoren\" \/>\n<meta property=\"og:description\" content=\"Verwalten Sie Ihre Cookies und Privatsph\u00e4re-Einstellungen hier. \u00c4ndern, einsehen oder widerrufen Sie Ihre Einwilligungen.\" \/>\n<meta property=\"og:url\" content=\"https:\/\/www.imko.de\/es\/galletas\/\" \/>\n<meta property=\"og:site_name\" content=\"IMKO - Experten f\u00fcr Feuchtesensoren\" \/>\n<meta property=\"article:modified_time\" content=\"2025-02-12T06:40:07+00:00\" \/>\n<meta name=\"twitter:card\" content=\"summary_large_image\" \/>\n<meta name=\"twitter:label1\" content=\"Tiempo de lectura\" \/>\n\t<meta name=\"twitter:data1\" content=\"1 minuto\" \/>\n<script type=\"application\/ld+json\" class=\"yoast-schema-graph\">{\"@context\":\"https:\\\/\\\/schema.org\",\"@graph\":[{\"@type\":\"WebPage\",\"@id\":\"https:\\\/\\\/www.imko.de\\\/cookies\\\/\",\"url\":\"https:\\\/\\\/www.imko.de\\\/cookies\\\/\",\"name\":\"Cookies - IMKO - Experten f\u00fcr Feuchtesensoren\",\"isPartOf\":{\"@id\":\"https:\\\/\\\/www.imko.de\\\/#website\"},\"datePublished\":\"2024-07-24T13:09:22+00:00\",\"dateModified\":\"2025-02-12T06:40:07+00:00\",\"description\":\"Verwalten Sie Ihre Cookies und Privatsph\u00e4re-Einstellungen hier. \u00c4ndern, einsehen oder widerrufen Sie Ihre Einwilligungen.\",\"breadcrumb\":{\"@id\":\"https:\\\/\\\/www.imko.de\\\/cookies\\\/#breadcrumb\"},\"inLanguage\":\"es\",\"potentialAction\":[{\"@type\":\"ReadAction\",\"target\":[\"https:\\\/\\\/www.imko.de\\\/cookies\\\/\"]}]},{\"@type\":\"BreadcrumbList\",\"@id\":\"https:\\\/\\\/www.imko.de\\\/cookies\\\/#breadcrumb\",\"itemListElement\":[{\"@type\":\"ListItem\",\"position\":1,\"name\":\"Startseite\",\"item\":\"https:\\\/\\\/www.imko.de\\\/\"},{\"@type\":\"ListItem\",\"position\":2,\"name\":\"Cookies\"}]},{\"@type\":\"WebSite\",\"@id\":\"https:\\\/\\\/www.imko.de\\\/#website\",\"url\":\"https:\\\/\\\/www.imko.de\\\/\",\"name\":\"IMKO - Experten f\u00fcr Feuchtesensoren\",\"description\":\"\",\"potentialAction\":[{\"@type\":\"SearchAction\",\"target\":{\"@type\":\"EntryPoint\",\"urlTemplate\":\"https:\\\/\\\/www.imko.de\\\/?s={search_term_string}\"},\"query-input\":{\"@type\":\"PropertyValueSpecification\",\"valueRequired\":true,\"valueName\":\"search_term_string\"}}],\"inLanguage\":\"es\"}]}<\/script>\n<!-- \/ Yoast SEO plugin. -->","yoast_head_json":{"title":"Cookies - IMKO - Expertos en sensores de humedad","description":"Gestione aqu\u00ed su configuraci\u00f3n de cookies y privacidad. Cambia, consulta o revoca tu consentimiento.","robots":{"index":"index","follow":"follow","max-snippet":"max-snippet:-1","max-image-preview":"max-image-preview:large","max-video-preview":"max-video-preview:-1"},"canonical":"https:\/\/www.imko.de\/es\/galletas\/","og_locale":"es_ES","og_type":"article","og_title":"Cookies - IMKO - Experten f\u00fcr Feuchtesensoren","og_description":"Verwalten Sie Ihre Cookies und Privatsph\u00e4re-Einstellungen hier. \u00c4ndern, einsehen oder widerrufen Sie Ihre Einwilligungen.","og_url":"https:\/\/www.imko.de\/es\/galletas\/","og_site_name":"IMKO - Experten f\u00fcr Feuchtesensoren","article_modified_time":"2025-02-12T06:40:07+00:00","twitter_card":"summary_large_image","twitter_misc":{"Tiempo de lectura":"1 minuto"},"schema":{"@context":"https:\/\/schema.org","@graph":[{"@type":"WebPage","@id":"https:\/\/www.imko.de\/cookies\/","url":"https:\/\/www.imko.de\/cookies\/","name":"Cookies - IMKO - Expertos en sensores de humedad","isPartOf":{"@id":"https:\/\/www.imko.de\/#website"},"datePublished":"2024-07-24T13:09:22+00:00","dateModified":"2025-02-12T06:40:07+00:00","description":"Gestione aqu\u00ed su configuraci\u00f3n de cookies y privacidad. Cambia, consulta o revoca tu consentimiento.","breadcrumb":{"@id":"https:\/\/www.imko.de\/cookies\/#breadcrumb"},"inLanguage":"es","potentialAction":[{"@type":"ReadAction","target":["https:\/\/www.imko.de\/cookies\/"]}]},{"@type":"BreadcrumbList","@id":"https:\/\/www.imko.de\/cookies\/#breadcrumb","itemListElement":[{"@type":"ListItem","position":1,"name":"Startseite","item":"https:\/\/www.imko.de\/"},{"@type":"ListItem","position":2,"name":"Cookies"}]},{"@type":"WebSite","@id":"https:\/\/www.imko.de\/#website","url":"https:\/\/www.imko.de\/","name":"IMKO - Expertos en sensores de humedad","description":"","potentialAction":[{"@type":"SearchAction","target":{"@type":"EntryPoint","urlTemplate":"https:\/\/www.imko.de\/?s={search_term_string}"},"query-input":{"@type":"PropertyValueSpecification","valueRequired":true,"valueName":"search_term_string"}}],"inLanguage":"es"}]}},"_links":{"self":[{"href":"https:\/\/www.imko.de\/es\/wp-json\/wp\/v2\/pages\/633","targetHints":{"allow":["GET"]}}],"collection":[{"href":"https:\/\/www.imko.de\/es\/wp-json\/wp\/v2\/pages"}],"about":[{"href":"https:\/\/www.imko.de\/es\/wp-json\/wp\/v2\/types\/page"}],"author":[{"embeddable":true,"href":"https:\/\/www.imko.de\/es\/wp-json\/wp\/v2\/users\/3"}],"replies":[{"embeddable":true,"href":"https:\/\/www.imko.de\/es\/wp-json\/wp\/v2\/comments?post=633"}],"version-history":[{"count":6,"href":"https:\/\/www.imko.de\/es\/wp-json\/wp\/v2\/pages\/633\/revisions"}],"predecessor-version":[{"id":2657,"href":"https:\/\/www.imko.de\/es\/wp-json\/wp\/v2\/pages\/633\/revisions\/2657"}],"wp:attachment":[{"href":"https:\/\/www.imko.de\/es\/wp-json\/wp\/v2\/media?parent=633"}],"curies":[{"name":"wp","href":"https:\/\/api.w.org\/{rel}","templated":true}]}}