{"id":1988,"date":"2024-11-17T09:37:04","date_gmt":"2024-11-17T09:37:04","guid":{"rendered":"https:\/\/medien-portal.at\/?post_type=product&#038;p=1988"},"modified":"2025-04-10T14:00:30","modified_gmt":"2025-04-10T14:00:30","slug":"sono-wz","status":"publish","type":"product","link":"https:\/\/www.imko.de\/es\/produkt\/sono-wz\/","title":{"rendered":"SONO WZ"},"content":{"rendered":"<div class=\"row\"  id=\"row-1128131494\">\n\n\t<div id=\"col-91380309\" class=\"col small-12 large-12\"  >\n\t\t\t\t<div class=\"col-inner\"  >\n\t\t\t\n\t\t\t\n\n\t\t<div class=\"tabbed-content\">\n\t\t\t\n\t\t\t<ul class=\"nav nav-tabs nav-normal nav-size-normal nav-left\" role=\"tablist\"><li id=\"tab-beschreibung\" class=\"tab active has-icon\" role=\"presentation\"><a href=\"#tab_beschreibung\" role=\"tab\" aria-selected=\"true\" aria-controls=\"tab_beschreibung\"><span>Descripci\u00f3n de la<\/span><\/a><\/li>\n<li id=\"tab-anwendung\" class=\"tab has-icon\" role=\"presentation\"><a href=\"#tab_anwendung\" tabindex=\"-1\" role=\"tab\" aria-selected=\"false\" aria-controls=\"tab_anwendung\"><span>Aplicaci\u00f3n<\/span><\/a><\/li>\n<li id=\"tab-tech.-daten\" class=\"tab has-icon\" role=\"presentation\"><a href=\"#tab_tech.-daten\" tabindex=\"-1\" role=\"tab\" aria-selected=\"false\" aria-controls=\"tab_tech.-daten\"><span>tecnolog\u00eda. Datos<\/span><\/a><\/li>\n<li id=\"tab-download\" class=\"tab has-icon\" role=\"presentation\"><a href=\"#tab_download\" tabindex=\"-1\" role=\"tab\" aria-selected=\"false\" aria-controls=\"tab_download\"><span>descargar<\/span><\/a><\/li>\n<li id=\"tab-varianten\" class=\"tab has-icon\" role=\"presentation\"><a href=\"#tab_varianten\" tabindex=\"-1\" role=\"tab\" aria-selected=\"false\" aria-controls=\"tab_varianten\"><span>Variantes<\/span><\/a><\/li>\n<li id=\"tab-einbau\" class=\"tab has-icon\" role=\"presentation\"><a href=\"#tab_einbau\" tabindex=\"-1\" role=\"tab\" aria-selected=\"false\" aria-controls=\"tab_einbau\"><span>Instalaci\u00f3n<\/span><\/a><\/li><\/ul><div class=\"tab-panels\"><div id=\"tab_beschreibung\" class=\"panel active entry-content\" role=\"tabpanel\" aria-labelledby=\"tab-beschreibung\">\n<p>Sonda de humedad m\u00f3vil y robusta para medir el contenido de agua y cemento en hormig\u00f3n fresco.<\/p>\n<\/div>\n<div id=\"tab_anwendung\" class=\"panel entry-content\" role=\"tabpanel\" aria-labelledby=\"tab-anwendung\">\n<p>Hormig\u00f3n fresco m\u00f3vil<\/p>\n<\/div>\n<div id=\"tab_tech.-daten\" class=\"panel entry-content\" role=\"tabpanel\" aria-labelledby=\"tab-tech.-daten\">\n\n<table style=\"width: 100%; border-collapse: collapse; border: 1px solid #ccc;\">\n<tbody>\n<tr>\n<td style=\"border: 1px solid #ccc; padding: 8px;\">Temperatura<\/td>\n<td style=\"border: 1px solid #ccc; padding: 8px;\">-15\u00b0C ... +50\u00b0C<\/td>\n<\/tr>\n<tr>\n<td style=\"border: 1px solid #ccc; padding: 8px;\">Alimentaci\u00f3n<\/td>\n<td style=\"border: 1px solid #ccc; padding: 8px;\">De +7 V a +24 V CC<\/td>\n<\/tr>\n<tr>\n<td style=\"border: 1px solid #ccc; padding: 8px;\">Condiciones especiales.<\/td>\n<td style=\"border: 1px solid #ccc; padding: 8px;\">-<\/td>\n<\/tr>\n<tr>\n<td style=\"border: 1px solid #ccc; padding: 8px;\">Salida de se\u00f1al<\/td>\n<td style=\"border: 1px solid #ccc; padding: 8px;\">-<\/td>\n<\/tr>\n<tr>\n<td style=\"border: 1px solid #ccc; padding: 8px;\">Interfaces<\/td>\n<td style=\"border: 1px solid #ccc; padding: 8px;\">RS485<\/td>\n<\/tr>\n<tr>\n<td style=\"border: 1px solid #ccc; padding: 8px;\">Dimensi\u00f3n del sensor<\/td>\n<td style=\"border: 1px solid #ccc; padding: 8px;\">154 x 60 mm (largo x ancho)<\/td>\n<\/tr>\n<tr>\n<td style=\"border: 1px solid #ccc; padding: 8px;\">Peso<\/td>\n<td style=\"border: 1px solid #ccc; padding: 8px;\">2,46 kg<\/td>\n<\/tr>\n<tr>\n<td style=\"border: 1px solid #ccc; padding: 8px;\">Clase de protecci\u00f3n IP<\/td>\n<td style=\"border: 1px solid #ccc; padding: 8px;\">IP65<\/td>\n<\/tr>\n<\/tbody>\n<\/table>\n\n<\/div>\n<div id=\"tab_download\" class=\"panel entry-content\" role=\"tabpanel\" aria-labelledby=\"tab-download\">\n<a href=\"https:\/\/www.imko.de\/wp-content\/uploads\/2025\/01\/brochuere-sono-wz.pdf\" target=\"_blank\" class=\"button primary is-outline lowercase\" rel=\"noopener\"  style=\"border-radius:5px;\">\n\t\t<span>Descargar ficha t\u00e9cnica<\/span>\n\t<\/a>\n\n<a href=\"https:\/\/www.imko.de\/wp-content\/uploads\/2025\/01\/brochuere-sono-wz.pdf\" target=\"_blank\" class=\"button primary is-outline lowercase\" rel=\"noopener\"  style=\"border-radius:5px;\">\n\t\t<span>Descargar folleto<\/span>\n\t<\/a>\n\n<\/div>\n<div id=\"tab_varianten\" class=\"panel entry-content\" role=\"tabpanel\" aria-labelledby=\"tab-varianten\">\n<p>Ninguno<\/p>\n<\/div>\n<div id=\"tab_einbau\" class=\"panel entry-content\" role=\"tabpanel\" aria-labelledby=\"tab-einbau\">\n<ul>\n<li>Uso del m\u00f3vil<\/li>\n<\/ul>\n<\/div><\/div><\/div>\n\t\t<\/div>\n\t\t\t\t\t<\/div>\n\n\t\n<\/div>\n<div class=\"row\"  id=\"row-214458112\">\n\n\t<div id=\"col-799890529\" class=\"col small-12 large-12\"  >\n\t\t\t\t<div class=\"col-inner\"  >\n\t\t\t\n\t\t\t\n<h2>Accesorios<\/h2>\n\t\t<\/div>\n\t\t\t\t\t<\/div>\n\n\t\n\n\t<div id=\"col-1887742195\" class=\"col small-12 large-12\"  >\n\t\t\t\t<div class=\"col-inner\"  >\n\t\t\t\n\t\t\t\n<div class=\"accordion\">\n\t<div id=\"accordion-3509166090\" class=\"accordion-item\">\n\t\t<a id=\"accordion-3509166090-label\" class=\"accordion-title plain\" href=\"#accordion-item-sm-usb-(schnittstellenwandler)\" aria-expanded=\"false\" aria-controls=\"accordion-3509166090-content\" >\n\t\t\t<button class=\"toggle\" aria-label=\"Toggle\"><i class=\"icon-angle-down\"><\/i><\/button>\n\t\t\t<span>SM-USB (convertidor de interfaz)<\/span>\n\t\t<\/a>\n\t\t<div id=\"accordion-3509166090-content\" class=\"accordion-inner\" aria-labelledby=\"accordion-3509166090-label\" >\n\t\t\t\n<div class=\"row\"  id=\"row-1497061972\">\n\n\t<div id=\"col-1013607206\" class=\"col medium-6 small-12 large-6\"  >\n\t\t\t\t<div class=\"col-inner\"  >\n\t\t\t\n\t\t\t\n<p>M\u00f3dulo convertidor de USB a RS485 y bus IMP. Para conectar sondas SONO a un PC con Windows a trav\u00e9s de la interfaz serie. Para crear calibraciones propias, mediciones de prueba con almacenamiento de datos de medici\u00f3n y otras funciones.<\/p>\n\t\t<\/div>\n\t\t\t\t\t<\/div>\n\n\t\n\n\t<div id=\"col-123098897\" class=\"col medium-6 small-12 large-6\"  >\n\t\t\t\t<div class=\"col-inner\"  >\n\t\t\t\n\t\t\t\n\t<div class=\"img has-hover x md-x lg-x y md-y lg-y\" id=\"image_1525649849\">\n\t\t\t\t\t\t\t\t<div class=\"img-inner dark\" >\n\t\t\t<img decoding=\"async\" width=\"600\" height=\"288\" src=\"https:\/\/www.imko.de\/wp-content\/uploads\/2024\/11\/sm-usb.webp\" class=\"attachment-original size-original\" alt=\"sm-usb\" srcset=\"https:\/\/www.imko.de\/wp-content\/uploads\/2024\/11\/sm-usb.webp 600w, https:\/\/www.imko.de\/wp-content\/uploads\/2024\/11\/sm-usb-510x245.webp 510w, https:\/\/www.imko.de\/wp-content\/uploads\/2024\/11\/sm-usb-300x144.webp 300w, https:\/\/www.imko.de\/wp-content\/uploads\/2024\/11\/sm-usb-18x9.webp 18w\" sizes=\"(max-width: 600px) 100vw, 600px\" \/>\t\t\t\t\t\t\n\t\t\t\t\t<\/div>\n\t\t\t\t\t\t\t\t\n<style>\n#image_1525649849 {\n  width: 100%;\n}\n<\/style>\n\t<\/div>\n\t\n\t\t<\/div>\n\t\t\t\t\t<\/div>\n\n\t\n<\/div>\n\t\t<\/div>\n\t<\/div>\n\t\n\t<div id=\"accordion-2064574071\" class=\"accordion-item\">\n\t\t<a id=\"accordion-2064574071-label\" class=\"accordion-title plain\" href=\"#accordion-item-sono-dis\" aria-expanded=\"false\" aria-controls=\"accordion-2064574071-content\" >\n\t\t\t<button class=\"toggle\" aria-label=\"Toggle\"><i class=\"icon-angle-down\"><\/i><\/button>\n\t\t\t<span>SONO-Dis<\/span>\n\t\t<\/a>\n\t\t<div id=\"accordion-2064574071-content\" class=\"accordion-inner\" aria-labelledby=\"accordion-2064574071-label\" >\n\t\t\t\n<div class=\"row\"  id=\"row-1174392862\">\n\n\t<div id=\"col-1097666553\" class=\"col medium-6 small-12 large-6\"  >\n\t\t\t\t<div class=\"col-inner\"  >\n\t\t\t\n\t\t\t\n<p>Robusta unidad de visualizaci\u00f3n m\u00f3vil alimentada por bater\u00eda para las sondas de humedad SONO WZ y SONO M1.<br \/>\nRobusta carcasa de aluminio IP67 resistente a la intemperie,<br \/>\nTama\u00f1o: 150x64x36mm<\/p>\n\t\t<\/div>\n\t\t\t\t\t<\/div>\n\n\t\n\n\t<div id=\"col-366503551\" class=\"col medium-6 small-12 large-6\"  >\n\t\t\t\t<div class=\"col-inner\"  >\n\t\t\t\n\t\t\t\n\t<div class=\"img has-hover x md-x lg-x y md-y lg-y\" id=\"image_1708641169\">\n\t\t\t\t\t\t\t\t<div class=\"img-inner dark\" >\n\t\t\t<img decoding=\"async\" width=\"600\" height=\"288\" src=\"https:\/\/www.imko.de\/wp-content\/uploads\/2024\/11\/sono-dis.webp\" class=\"attachment-original size-original\" alt=\"sono-dis\" srcset=\"https:\/\/www.imko.de\/wp-content\/uploads\/2024\/11\/sono-dis.webp 600w, https:\/\/www.imko.de\/wp-content\/uploads\/2024\/11\/sono-dis-510x245.webp 510w, https:\/\/www.imko.de\/wp-content\/uploads\/2024\/11\/sono-dis-300x144.webp 300w, https:\/\/www.imko.de\/wp-content\/uploads\/2024\/11\/sono-dis-18x9.webp 18w\" sizes=\"(max-width: 600px) 100vw, 600px\" \/>\t\t\t\t\t\t\n\t\t\t\t\t<\/div>\n\t\t\t\t\t\t\t\t\n<style>\n#image_1708641169 {\n  width: 100%;\n}\n<\/style>\n\t<\/div>\n\t\n\t\t<\/div>\n\t\t\t\t\t<\/div>\n\n\t\n<\/div>\n\t\t<\/div>\n\t<\/div>\n\t\n\t<div id=\"accordion-539490528\" class=\"accordion-item\">\n\t\t<a id=\"accordion-539490528-label\" class=\"accordion-title plain\" href=\"#accordion-item-pico-bt\" aria-expanded=\"false\" aria-controls=\"accordion-539490528-content\" >\n\t\t\t<button class=\"toggle\" aria-label=\"Toggle\"><i class=\"icon-angle-down\"><\/i><\/button>\n\t\t\t<span>PICO-BT<\/span>\n\t\t<\/a>\n\t\t<div id=\"accordion-539490528-content\" class=\"accordion-inner\" aria-labelledby=\"accordion-539490528-label\" >\n\t\t\t\n<div class=\"row\"  id=\"row-1409904034\">\n\n\t<div id=\"col-759090247\" class=\"col medium-6 small-12 large-6\"  >\n\t\t\t\t<div class=\"col-inner\"  >\n\t\t\t\n\t\t\t\n<p>Para la transmisi\u00f3n inal\u00e1mbrica de datos de medici\u00f3n de la humedad y la temperatura del suelo a un dispositivo m\u00f3vil Android (versi\u00f3n 2.2 o superior) que ejecute la aplicaci\u00f3n Trime Blue.<\/p>\n<p>Bater\u00eda interna NiMh 2000mAh\/4,8V (suficiente para aprox. 1500 mediciones cuando est\u00e1 completamente cargada)<\/p>\n\t\t<\/div>\n\t\t\t\t\t<\/div>\n\n\t\n\n\t<div id=\"col-1040401790\" class=\"col medium-6 small-12 large-6\"  >\n\t\t\t\t<div class=\"col-inner\"  >\n\t\t\t\n\t\t\t\n\t<div class=\"img has-hover x md-x lg-x y md-y lg-y\" id=\"image_1029696077\">\n\t\t\t\t\t\t\t\t<div class=\"img-inner dark\" >\n\t\t\t<img decoding=\"async\" width=\"600\" height=\"288\" src=\"https:\/\/www.imko.de\/wp-content\/uploads\/2024\/11\/pico-bt.webp\" class=\"attachment-original size-original\" alt=\"pico-bt\" srcset=\"https:\/\/www.imko.de\/wp-content\/uploads\/2024\/11\/pico-bt.webp 600w, https:\/\/www.imko.de\/wp-content\/uploads\/2024\/11\/pico-bt-510x245.webp 510w, https:\/\/www.imko.de\/wp-content\/uploads\/2024\/11\/pico-bt-300x144.webp 300w, https:\/\/www.imko.de\/wp-content\/uploads\/2024\/11\/pico-bt-18x9.webp 18w\" sizes=\"(max-width: 600px) 100vw, 600px\" \/>\t\t\t\t\t\t\n\t\t\t\t\t<\/div>\n\t\t\t\t\t\t\t\t\n<style>\n#image_1029696077 {\n  width: 100%;\n}\n<\/style>\n\t<\/div>\n\t\n\t\t<\/div>\n\t\t\t\t\t<\/div>\n\n\t\n<\/div>\n\t\t<\/div>\n\t<\/div>\n\t\n<\/div>\n\t\t<\/div>\n\t\t\t\t\t<\/div>\n\n\t\n<\/div>","protected":false},"excerpt":{"rendered":"<p>Sonda de humedad m\u00f3vil y robusta para medir el contenido de agua y cemento en hormig\u00f3n fresco.<\/p>","protected":false},"featured_media":2342,"template":"","meta":[],"product_brand":[],"product_cat":[24],"product_tag":[],"class_list":{"0":"post-1988","1":"product","2":"type-product","3":"status-publish","4":"has-post-thumbnail","6":"product_cat-feuchtemessung-bau","8":"first","9":"instock","10":"shipping-taxable","11":"product-type-simple"},"yoast_head":"<!-- This site is optimized with the Yoast SEO plugin v27.4 - https:\/\/yoast.com\/product\/yoast-seo-wordpress\/ -->\n<title>SONO WZ - IMKO - Experten f\u00fcr Feuchtesensoren<\/title>\n<meta name=\"robots\" content=\"index, follow, max-snippet:-1, max-image-preview:large, max-video-preview:-1\" \/>\n<link rel=\"canonical\" href=\"https:\/\/www.imko.de\/es\/producto\/sono-wz\/\" \/>\n<meta property=\"og:locale\" content=\"es_ES\" \/>\n<meta property=\"og:type\" content=\"article\" \/>\n<meta property=\"og:title\" content=\"SONO WZ - IMKO - Experten f\u00fcr Feuchtesensoren\" \/>\n<meta property=\"og:description\" content=\"Robuste mobile Feuchtesonde zur Messung von Wassergehalt und Zement in Frischbeton.\" \/>\n<meta property=\"og:url\" content=\"https:\/\/www.imko.de\/es\/producto\/sono-wz\/\" \/>\n<meta property=\"og:site_name\" content=\"IMKO - Experten f\u00fcr Feuchtesensoren\" \/>\n<meta property=\"article:modified_time\" content=\"2025-04-10T14:00:30+00:00\" \/>\n<meta property=\"og:image\" content=\"https:\/\/www.imko.de\/wp-content\/uploads\/2025\/03\/ogimage-imko-logo.png\" \/>\n\t<meta property=\"og:image:width\" content=\"600\" \/>\n\t<meta property=\"og:image:height\" content=\"600\" \/>\n\t<meta property=\"og:image:type\" content=\"image\/webp\" \/>\n<meta name=\"twitter:card\" content=\"summary_large_image\" \/>\n<meta name=\"twitter:label1\" content=\"Tiempo de lectura\" \/>\n\t<meta name=\"twitter:data1\" content=\"2 minutos\" \/>\n<script type=\"application\/ld+json\" class=\"yoast-schema-graph\">{\"@context\":\"https:\\\/\\\/schema.org\",\"@graph\":[{\"@type\":\"WebPage\",\"@id\":\"https:\\\/\\\/www.imko.de\\\/produkt\\\/sono-wz\\\/\",\"url\":\"https:\\\/\\\/www.imko.de\\\/produkt\\\/sono-wz\\\/\",\"name\":\"SONO WZ - IMKO - Experten f\u00fcr Feuchtesensoren\",\"isPartOf\":{\"@id\":\"https:\\\/\\\/www.imko.de\\\/#website\"},\"primaryImageOfPage\":{\"@id\":\"https:\\\/\\\/www.imko.de\\\/produkt\\\/sono-wz\\\/#primaryimage\"},\"image\":{\"@id\":\"https:\\\/\\\/www.imko.de\\\/produkt\\\/sono-wz\\\/#primaryimage\"},\"thumbnailUrl\":\"https:\\\/\\\/www.imko.de\\\/wp-content\\\/uploads\\\/2024\\\/11\\\/sono-wz-anwendung.webp\",\"datePublished\":\"2024-11-17T09:37:04+00:00\",\"dateModified\":\"2025-04-10T14:00:30+00:00\",\"breadcrumb\":{\"@id\":\"https:\\\/\\\/www.imko.de\\\/produkt\\\/sono-wz\\\/#breadcrumb\"},\"inLanguage\":\"es\",\"potentialAction\":[{\"@type\":\"ReadAction\",\"target\":[\"https:\\\/\\\/www.imko.de\\\/produkt\\\/sono-wz\\\/\"]}]},{\"@type\":\"ImageObject\",\"inLanguage\":\"es\",\"@id\":\"https:\\\/\\\/www.imko.de\\\/produkt\\\/sono-wz\\\/#primaryimage\",\"url\":\"https:\\\/\\\/www.imko.de\\\/wp-content\\\/uploads\\\/2024\\\/11\\\/sono-wz-anwendung.webp\",\"contentUrl\":\"https:\\\/\\\/www.imko.de\\\/wp-content\\\/uploads\\\/2024\\\/11\\\/sono-wz-anwendung.webp\",\"width\":600,\"height\":600,\"caption\":\"sono-wz-anwendung\"},{\"@type\":\"BreadcrumbList\",\"@id\":\"https:\\\/\\\/www.imko.de\\\/produkt\\\/sono-wz\\\/#breadcrumb\",\"itemListElement\":[{\"@type\":\"ListItem\",\"position\":1,\"name\":\"Startseite\",\"item\":\"https:\\\/\\\/www.imko.de\\\/\"},{\"@type\":\"ListItem\",\"position\":2,\"name\":\"Shop\",\"item\":\"https:\\\/\\\/www.imko.de\\\/?page_id=1968\"},{\"@type\":\"ListItem\",\"position\":3,\"name\":\"SONO WZ\"}]},{\"@type\":\"WebSite\",\"@id\":\"https:\\\/\\\/www.imko.de\\\/#website\",\"url\":\"https:\\\/\\\/www.imko.de\\\/\",\"name\":\"IMKO - Experten f\u00fcr Feuchtesensoren\",\"description\":\"\",\"potentialAction\":[{\"@type\":\"SearchAction\",\"target\":{\"@type\":\"EntryPoint\",\"urlTemplate\":\"https:\\\/\\\/www.imko.de\\\/?s={search_term_string}\"},\"query-input\":{\"@type\":\"PropertyValueSpecification\",\"valueRequired\":true,\"valueName\":\"search_term_string\"}}],\"inLanguage\":\"es\"}]}<\/script>\n<!-- \/ Yoast SEO plugin. -->","yoast_head_json":{"title":"SONO WZ - IMKO - Expertos en sensores de humedad","robots":{"index":"index","follow":"follow","max-snippet":"max-snippet:-1","max-image-preview":"max-image-preview:large","max-video-preview":"max-video-preview:-1"},"canonical":"https:\/\/www.imko.de\/es\/producto\/sono-wz\/","og_locale":"es_ES","og_type":"article","og_title":"SONO WZ - IMKO - Experten f\u00fcr Feuchtesensoren","og_description":"Robuste mobile Feuchtesonde zur Messung von Wassergehalt und Zement in Frischbeton.","og_url":"https:\/\/www.imko.de\/es\/producto\/sono-wz\/","og_site_name":"IMKO - Experten f\u00fcr Feuchtesensoren","article_modified_time":"2025-04-10T14:00:30+00:00","og_image":[{"width":600,"height":600,"url":"https:\/\/www.imko.de\/wp-content\/uploads\/2025\/03\/ogimage-imko-logo.png","type":"image\/webp"}],"twitter_card":"summary_large_image","twitter_misc":{"Tiempo de lectura":"2 minutos"},"schema":{"@context":"https:\/\/schema.org","@graph":[{"@type":"WebPage","@id":"https:\/\/www.imko.de\/produkt\/sono-wz\/","url":"https:\/\/www.imko.de\/produkt\/sono-wz\/","name":"SONO WZ - IMKO - Expertos en sensores de humedad","isPartOf":{"@id":"https:\/\/www.imko.de\/#website"},"primaryImageOfPage":{"@id":"https:\/\/www.imko.de\/produkt\/sono-wz\/#primaryimage"},"image":{"@id":"https:\/\/www.imko.de\/produkt\/sono-wz\/#primaryimage"},"thumbnailUrl":"https:\/\/www.imko.de\/wp-content\/uploads\/2024\/11\/sono-wz-anwendung.webp","datePublished":"2024-11-17T09:37:04+00:00","dateModified":"2025-04-10T14:00:30+00:00","breadcrumb":{"@id":"https:\/\/www.imko.de\/produkt\/sono-wz\/#breadcrumb"},"inLanguage":"es","potentialAction":[{"@type":"ReadAction","target":["https:\/\/www.imko.de\/produkt\/sono-wz\/"]}]},{"@type":"ImageObject","inLanguage":"es","@id":"https:\/\/www.imko.de\/produkt\/sono-wz\/#primaryimage","url":"https:\/\/www.imko.de\/wp-content\/uploads\/2024\/11\/sono-wz-anwendung.webp","contentUrl":"https:\/\/www.imko.de\/wp-content\/uploads\/2024\/11\/sono-wz-anwendung.webp","width":600,"height":600,"caption":"sono-wz-anwendung"},{"@type":"BreadcrumbList","@id":"https:\/\/www.imko.de\/produkt\/sono-wz\/#breadcrumb","itemListElement":[{"@type":"ListItem","position":1,"name":"Startseite","item":"https:\/\/www.imko.de\/"},{"@type":"ListItem","position":2,"name":"Shop","item":"https:\/\/www.imko.de\/?page_id=1968"},{"@type":"ListItem","position":3,"name":"SONO WZ"}]},{"@type":"WebSite","@id":"https:\/\/www.imko.de\/#website","url":"https:\/\/www.imko.de\/","name":"IMKO - Expertos en sensores de humedad","description":"","potentialAction":[{"@type":"SearchAction","target":{"@type":"EntryPoint","urlTemplate":"https:\/\/www.imko.de\/?s={search_term_string}"},"query-input":{"@type":"PropertyValueSpecification","valueRequired":true,"valueName":"search_term_string"}}],"inLanguage":"es"}]}},"_links":{"self":[{"href":"https:\/\/www.imko.de\/es\/wp-json\/wp\/v2\/product\/1988","targetHints":{"allow":["GET"]}}],"collection":[{"href":"https:\/\/www.imko.de\/es\/wp-json\/wp\/v2\/product"}],"about":[{"href":"https:\/\/www.imko.de\/es\/wp-json\/wp\/v2\/types\/product"}],"wp:featuredmedia":[{"embeddable":true,"href":"https:\/\/www.imko.de\/es\/wp-json\/wp\/v2\/media\/2342"}],"wp:attachment":[{"href":"https:\/\/www.imko.de\/es\/wp-json\/wp\/v2\/media?parent=1988"}],"wp:term":[{"taxonomy":"product_brand","embeddable":true,"href":"https:\/\/www.imko.de\/es\/wp-json\/wp\/v2\/product_brand?post=1988"},{"taxonomy":"product_cat","embeddable":true,"href":"https:\/\/www.imko.de\/es\/wp-json\/wp\/v2\/product_cat?post=1988"},{"taxonomy":"product_tag","embeddable":true,"href":"https:\/\/www.imko.de\/es\/wp-json\/wp\/v2\/product_tag?post=1988"}],"curies":[{"name":"wp","href":"https:\/\/api.w.org\/{rel}","templated":true}]}}