{"id":1994,"date":"2024-11-17T09:58:10","date_gmt":"2024-11-17T09:58:10","guid":{"rendered":"https:\/\/medien-portal.at\/?post_type=product&#038;p=1994"},"modified":"2025-03-19T16:22:45","modified_gmt":"2025-03-19T16:22:45","slug":"perfil-del-pico","status":"publish","type":"product","link":"https:\/\/www.imko.de\/es\/produkt\/pico-profile\/","title":{"rendered":"PICO Profile"},"content":{"rendered":"<div class=\"row\"  id=\"row-146159924\">\n\n\t<div id=\"col-283786958\" class=\"col small-12 large-12\"  >\n\t\t\t\t<div class=\"col-inner\"  >\n\t\t\t\n\t\t\t\n\n\t\t<div class=\"tabbed-content\">\n\t\t\t\n\t\t\t<ul class=\"nav nav-tabs nav-normal nav-size-normal nav-left\" role=\"tablist\"><li id=\"tab-beschreibung\" class=\"tab active has-icon\" role=\"presentation\"><a href=\"#tab_beschreibung\" role=\"tab\" aria-selected=\"true\" aria-controls=\"tab_beschreibung\"><span>Descripci\u00f3n de la<\/span><\/a><\/li>\n<li id=\"tab-anwendung\" class=\"tab has-icon\" role=\"presentation\"><a href=\"#tab_anwendung\" tabindex=\"-1\" role=\"tab\" aria-selected=\"false\" aria-controls=\"tab_anwendung\"><span>Aplicaci\u00f3n<\/span><\/a><\/li>\n<li id=\"tab-tech.-daten\" class=\"tab has-icon\" role=\"presentation\"><a href=\"#tab_tech.-daten\" tabindex=\"-1\" role=\"tab\" aria-selected=\"false\" aria-controls=\"tab_tech.-daten\"><span>tecnolog\u00eda. Datos<\/span><\/a><\/li>\n<li id=\"tab-download\" class=\"tab has-icon\" role=\"presentation\"><a href=\"#tab_download\" tabindex=\"-1\" role=\"tab\" aria-selected=\"false\" aria-controls=\"tab_download\"><span>descargar<\/span><\/a><\/li>\n<li id=\"tab-varianten\" class=\"tab has-icon\" role=\"presentation\"><a href=\"#tab_varianten\" tabindex=\"-1\" role=\"tab\" aria-selected=\"false\" aria-controls=\"tab_varianten\"><span>Variantes<\/span><\/a><\/li>\n<li id=\"tab-einbau\" class=\"tab has-icon\" role=\"presentation\"><a href=\"#tab_einbau\" tabindex=\"-1\" role=\"tab\" aria-selected=\"false\" aria-controls=\"tab_einbau\"><span>Instalaci\u00f3n<\/span><\/a><\/li><\/ul><div class=\"tab-panels\"><div id=\"tab_beschreibung\" class=\"panel active entry-content\" role=\"tabpanel\" aria-labelledby=\"tab-beschreibung\">\n<p>La soluci\u00f3n de medici\u00f3n estacionaria para crear perfiles de profundidad.<\/p>\n<\/div>\n<div id=\"tab_anwendung\" class=\"panel entry-content\" role=\"tabpanel\" aria-labelledby=\"tab-anwendung\">\n<p>Perfilado estacionario<\/p>\n<\/div>\n<div id=\"tab_tech.-daten\" class=\"panel entry-content\" role=\"tabpanel\" aria-labelledby=\"tab-tech.-daten\">\n\n<table style=\"width: 100%; border-collapse: collapse; border: 1px solid #ccc;\">\n<tbody>\n<tr>\n<td style=\"border: 1px solid #ccc; padding: 8px;\">Temperatura<\/td>\n<td style=\"border: 1px solid #ccc; padding: 8px;\">-15\u00b0C ... 50\u00b0C<\/td>\n<\/tr>\n<tr>\n<td style=\"border: 1px solid #ccc; padding: 8px;\">Alimentaci\u00f3n<\/td>\n<td style=\"border: 1px solid #ccc; padding: 8px;\">De +7 V a +24 V CC<\/td>\n<\/tr>\n<tr>\n<td style=\"border: 1px solid #ccc; padding: 8px;\">Condiciones especiales<\/td>\n<td style=\"border: 1px solid #ccc; padding: 8px;\">-<\/td>\n<\/tr>\n<tr>\n<td style=\"border: 1px solid #ccc; padding: 8px;\">Salida de se\u00f1al<\/td>\n<td style=\"border: 1px solid #ccc; padding: 8px;\">SDI-12<\/td>\n<\/tr>\n<tr>\n<td style=\"border: 1px solid #ccc; padding: 8px;\">Interfaces<\/td>\n<td style=\"border: 1px solid #ccc; padding: 8px;\">SDI-12<\/td>\n<\/tr>\n<tr>\n<td style=\"border: 1px solid #ccc; padding: 8px;\">Dimensi\u00f3n del sensor<\/td>\n<td style=\"border: 1px solid #ccc; padding: 8px;\">-<\/td>\n<\/tr>\n<tr>\n<td style=\"border: 1px solid #ccc; padding: 8px;\">Peso<\/td>\n<td style=\"border: 1px solid #ccc; padding: 8px;\">-<\/td>\n<\/tr>\n<tr>\n<td style=\"border: 1px solid #ccc; padding: 8px;\">Clase de protecci\u00f3n IP<\/td>\n<td style=\"border: 1px solid #ccc; padding: 8px;\">IP20<\/td>\n<\/tr>\n<\/tbody>\n<\/table>\n\n<\/div>\n<div id=\"tab_download\" class=\"panel entry-content\" role=\"tabpanel\" aria-labelledby=\"tab-download\">\n<a href=\"https:\/\/www.imko.de\/wp-content\/uploads\/2025\/01\/Manual_TRIME-PICO-PROFILE.pdf\" target=\"_blank\" class=\"button primary is-outline lowercase\" rel=\"noopener\"  style=\"border-radius:5px;\">\n\t\t<span>Descargar ficha t\u00e9cnica<\/span>\n\t<\/a>\n\n<\/div>\n<div id=\"tab_varianten\" class=\"panel entry-content\" role=\"tabpanel\" aria-labelledby=\"tab-varianten\">\n<p>IPH2<br \/>\nConfiguraci\u00f3n personalizada de la profundidad<\/p>\n<\/div>\n<div id=\"tab_einbau\" class=\"panel entry-content\" role=\"tabpanel\" aria-labelledby=\"tab-einbau\">\n<ul>\n<li>Instalaci\u00f3n fija en el suelo en el tubo de medici\u00f3n<\/li>\n<\/ul>\n<\/div><\/div><\/div>\n\t\t<\/div>\n\t\t\t\t\t<\/div>\n\n\t\n<\/div>\n<div class=\"row\"  id=\"row-85416619\">\n\n\t<div id=\"col-391059720\" class=\"col small-12 large-12\"  >\n\t\t\t\t<div class=\"col-inner\"  >\n\t\t\t\n\t\t\t\n<h2>Accesorios<\/h2>\n\t\t<\/div>\n\t\t\t\t\t<\/div>\n\n\t\n\n\t<div id=\"col-833533708\" class=\"col small-12 large-12\"  >\n\t\t\t\t<div class=\"col-inner\"  >\n\t\t\t\n\t\t\t\n<div class=\"accordion\">\n\t<div id=\"accordion-412449623\" class=\"accordion-item\">\n\t\t<a id=\"accordion-412449623-label\" class=\"accordion-title plain\" href=\"#accordion-item-sm-usb\" aria-expanded=\"false\" aria-controls=\"accordion-412449623-content\" >\n\t\t\t<button class=\"toggle\" aria-label=\"Toggle\"><i class=\"icon-angle-down\"><\/i><\/button>\n\t\t\t<span>SM-USB<\/span>\n\t\t<\/a>\n\t\t<div id=\"accordion-412449623-content\" class=\"accordion-inner\" aria-labelledby=\"accordion-412449623-label\" >\n\t\t\t\n<div class=\"row\"  id=\"row-86855255\">\n\n\t<div id=\"col-2007643190\" class=\"col medium-6 small-12 large-6\"  >\n\t\t\t\t<div class=\"col-inner\"  >\n\t\t\t\n\t\t\t\n<p>M\u00f3dulo convertidor de USB a RS485 y bus IMP. Para conectar sondas SONO a un PC con Windows a trav\u00e9s de la interfaz serie. Para crear calibraciones propias, mediciones de prueba con almacenamiento de datos de medici\u00f3n y otras funciones.<\/p>\n\t\t<\/div>\n\t\t\t\t\t<\/div>\n\n\t\n\n\t<div id=\"col-1355502800\" class=\"col medium-6 small-12 large-6\"  >\n\t\t\t\t<div class=\"col-inner\"  >\n\t\t\t\n\t\t\t\n\t<div class=\"img has-hover x md-x lg-x y md-y lg-y\" id=\"image_748950270\">\n\t\t\t\t\t\t\t\t<div class=\"img-inner dark\" >\n\t\t\t<img decoding=\"async\" width=\"600\" height=\"288\" src=\"https:\/\/www.imko.de\/wp-content\/uploads\/2024\/11\/sm-usb.webp\" class=\"attachment-original size-original\" alt=\"sm-usb\" srcset=\"https:\/\/www.imko.de\/wp-content\/uploads\/2024\/11\/sm-usb.webp 600w, https:\/\/www.imko.de\/wp-content\/uploads\/2024\/11\/sm-usb-510x245.webp 510w, https:\/\/www.imko.de\/wp-content\/uploads\/2024\/11\/sm-usb-300x144.webp 300w, https:\/\/www.imko.de\/wp-content\/uploads\/2024\/11\/sm-usb-18x9.webp 18w\" sizes=\"(max-width: 600px) 100vw, 600px\" \/>\t\t\t\t\t\t\n\t\t\t\t\t<\/div>\n\t\t\t\t\t\t\t\t\n<style>\n#image_748950270 {\n  width: 100%;\n}\n<\/style>\n\t<\/div>\n\t\n\t\t<\/div>\n\t\t\t\t\t<\/div>\n\n\t\n<\/div>\n\t\t<\/div>\n\t<\/div>\n\t\n\t<div id=\"accordion-3672762400\" class=\"accordion-item\">\n\t\t<a id=\"accordion-3672762400-label\" class=\"accordion-title plain\" href=\"#accordion-item-logger-(cj-fragen)\" aria-expanded=\"false\" aria-controls=\"accordion-3672762400-content\" >\n\t\t\t<button class=\"toggle\" aria-label=\"Toggle\"><i class=\"icon-angle-down\"><\/i><\/button>\n\t\t\t<span>Logger (pregunte a CJ)<\/span>\n\t\t<\/a>\n\t\t<div id=\"accordion-3672762400-content\" class=\"accordion-inner\" aria-labelledby=\"accordion-3672762400-label\" >\n\t\t\t\n<div class=\"row\"  id=\"row-151662433\">\n\n\t<div id=\"col-479577542\" class=\"col medium-6 small-12 large-6\"  >\n\t\t\t\t<div class=\"col-inner\"  >\n\t\t\t\n\t\t\t\n<p>A petici\u00f3n<\/p>\n\t\t<\/div>\n\t\t\t\t\t<\/div>\n\n\t\n\n\t<div id=\"col-1762514479\" class=\"col medium-6 small-12 large-6\"  >\n\t\t\t\t<div class=\"col-inner\"  >\n\t\t\t\n\t\t\t\n\t<div class=\"img has-hover x md-x lg-x y md-y lg-y\" id=\"image_2028705391\">\n\t\t\t\t\t\t\t\t<div class=\"img-inner dark\" >\n\t\t\t<img decoding=\"async\" width=\"600\" height=\"288\" src=\"https:\/\/www.imko.de\/wp-content\/uploads\/2024\/11\/logger-tinytag.webp\" class=\"attachment-original size-original\" alt=\"logger-tinytag\" srcset=\"https:\/\/www.imko.de\/wp-content\/uploads\/2024\/11\/logger-tinytag.webp 600w, https:\/\/www.imko.de\/wp-content\/uploads\/2024\/11\/logger-tinytag-510x245.webp 510w, https:\/\/www.imko.de\/wp-content\/uploads\/2024\/11\/logger-tinytag-300x144.webp 300w, https:\/\/www.imko.de\/wp-content\/uploads\/2024\/11\/logger-tinytag-18x9.webp 18w\" sizes=\"(max-width: 600px) 100vw, 600px\" \/>\t\t\t\t\t\t\n\t\t\t\t\t<\/div>\n\t\t\t\t\t\t\t\t\n<style>\n#image_2028705391 {\n  width: 100%;\n}\n<\/style>\n\t<\/div>\n\t\n\t\t<\/div>\n\t\t\t\t\t<\/div>\n\n\t\n<\/div>\n\t\t<\/div>\n\t<\/div>\n\t\n\t<div id=\"accordion-4014399772\" class=\"accordion-item\">\n\t\t<a id=\"accordion-4014399772-label\" class=\"accordion-title plain\" href=\"#accordion-item-tecanat-rohre-samt-zubeh\u00f6r\" aria-expanded=\"false\" aria-controls=\"accordion-4014399772-content\" >\n\t\t\t<button class=\"toggle\" aria-label=\"Toggle\"><i class=\"icon-angle-down\"><\/i><\/button>\n\t\t\t<span>Tubos y accesorios Tecanat<\/span>\n\t\t<\/a>\n\t\t<div id=\"accordion-4014399772-content\" class=\"accordion-inner\" aria-labelledby=\"accordion-4014399772-label\" >\n\t\t\t\n<div class=\"row\"  id=\"row-1668964676\">\n\n\t<div id=\"col-2019686727\" class=\"col medium-6 small-12 large-6\"  >\n\t\t\t\t<div class=\"col-inner\"  >\n\t\t\t\n\t\t\t\n<p><strong>Tubo TECANAT de 0,25 m de longitud<\/strong><br \/>\nIncluye cortatubos, tap\u00f3n de cierre y tapa de cierre. \u00d8 22 mm<\/p>\n<p><strong>Tubo TECANAT de 1 m de longitud<\/strong><br \/>\nIncluye cortatubos, tap\u00f3n obturador, tapa de cierre y anillo de neopreno.<\/p>\n<p><strong>Tubo TECANAT de 2 m de longitud<\/strong><br \/>\nIncluye cortatubos, tap\u00f3n obturador, tapa de cierre y anillo de neopreno.<\/p>\n<p><strong>Tubo TECANAT de 3 m de longitud<\/strong><br \/>\nIncluye cortatubos, tap\u00f3n obturador, tapa de cierre y anillo de neopreno.<\/p>\n\t\t<\/div>\n\t\t\t\t\t<\/div>\n\n\t\n\n\t<div id=\"col-283241323\" class=\"col medium-6 small-12 large-6\"  >\n\t\t\t\t<div class=\"col-inner\"  >\n\t\t\t\n\t\t\t\n\t<div class=\"img has-hover x md-x lg-x y md-y lg-y\" id=\"image_391734180\">\n\t\t\t\t\t\t\t\t<div class=\"img-inner dark\" >\n\t\t\t<img decoding=\"async\" width=\"600\" height=\"288\" src=\"https:\/\/www.imko.de\/wp-content\/uploads\/2024\/11\/tecanet-rohr.webp\" class=\"attachment-original size-original\" alt=\"tubo tecanet\" srcset=\"https:\/\/www.imko.de\/wp-content\/uploads\/2024\/11\/tecanet-rohr.webp 600w, https:\/\/www.imko.de\/wp-content\/uploads\/2024\/11\/tecanet-rohr-510x245.webp 510w, https:\/\/www.imko.de\/wp-content\/uploads\/2024\/11\/tecanet-rohr-300x144.webp 300w, https:\/\/www.imko.de\/wp-content\/uploads\/2024\/11\/tecanet-rohr-18x9.webp 18w\" sizes=\"(max-width: 600px) 100vw, 600px\" \/>\t\t\t\t\t\t\n\t\t\t\t\t<\/div>\n\t\t\t\t\t\t\t\t\n<style>\n#image_391734180 {\n  width: 100%;\n}\n<\/style>\n\t<\/div>\n\t\n\t\t<\/div>\n\t\t\t\t\t<\/div>\n\n\t\n<\/div>\n\t\t<\/div>\n\t<\/div>\n\t\n\t<div id=\"accordion-2544327838\" class=\"accordion-item\">\n\t\t<a id=\"accordion-2544327838-label\" class=\"accordion-title plain\" href=\"#accordion-item-kalibrier-set\" aria-expanded=\"false\" aria-controls=\"accordion-2544327838-content\" >\n\t\t\t<button class=\"toggle\" aria-label=\"Toggle\"><i class=\"icon-angle-down\"><\/i><\/button>\n\t\t\t<span>Juego de calibraci\u00f3n<\/span>\n\t\t<\/a>\n\t\t<div id=\"accordion-2544327838-content\" class=\"accordion-inner\" aria-labelledby=\"accordion-2544327838-label\" >\n\t\t\t\n<div class=\"row\"  id=\"row-152010762\">\n\n\t<div id=\"col-711830313\" class=\"col medium-6 small-12 large-6\"  >\n\t\t\t\t<div class=\"col-inner\"  >\n\t\t\t\n\t\t\t\n<p>Para la calibraci\u00f3n b\u00e1sica de las sondas de humedad del suelo TRIME PICO.<\/p>\n\t\t<\/div>\n\t\t\t\t\t<\/div>\n\n\t\n\n\t<div id=\"col-110931592\" class=\"col medium-6 small-12 large-6\"  >\n\t\t\t\t<div class=\"col-inner\"  >\n\t\t\t\n\t\t\t\n\t<div class=\"img has-hover x md-x lg-x y md-y lg-y\" id=\"image_960610379\">\n\t\t\t\t\t\t\t\t<div class=\"img-inner dark\" >\n\t\t\t<img decoding=\"async\" width=\"600\" height=\"288\" src=\"https:\/\/www.imko.de\/wp-content\/uploads\/2024\/11\/Kalibrier-set.webp\" class=\"attachment-original size-original\" alt=\"Juego de calibraci\u00f3n\" srcset=\"https:\/\/www.imko.de\/wp-content\/uploads\/2024\/11\/Kalibrier-set.webp 600w, https:\/\/www.imko.de\/wp-content\/uploads\/2024\/11\/Kalibrier-set-510x245.webp 510w, https:\/\/www.imko.de\/wp-content\/uploads\/2024\/11\/Kalibrier-set-300x144.webp 300w, https:\/\/www.imko.de\/wp-content\/uploads\/2024\/11\/Kalibrier-set-18x9.webp 18w\" sizes=\"(max-width: 600px) 100vw, 600px\" \/>\t\t\t\t\t\t\n\t\t\t\t\t<\/div>\n\t\t\t\t\t\t\t\t\n<style>\n#image_960610379 {\n  width: 100%;\n}\n<\/style>\n\t<\/div>\n\t\n\t\t<\/div>\n\t\t\t\t\t<\/div>\n\n\t\n<\/div>\n\t\t<\/div>\n\t<\/div>\n\t\n<\/div>\n\t\t<\/div>\n\t\t\t\t\t<\/div>\n\n\t\n<\/div>\n<div class=\"row\"  id=\"row-1076912489\">\n\n\t<div id=\"col-444159140\" class=\"col small-12 large-12\"  >\n\t\t\t\t<div class=\"col-inner\"  >\n\t\t\t\n\t\t\t\n\t<div id=\"stack-3973740641\" class=\"stack stack-row justify-between items-stretch sm:stack-col sm:justify-start sm:items-start\">\n\t\t\n\t<div id=\"text-2598623853\" class=\"text\">\n\t\t\n<h2>Sensor alternativo<\/h2>\n\t\t\t<\/div>\n\t\n<a href=\"https:\/\/www.imko.de\/es\/contacto\/\" class=\"button primary box-shadow-1\"  style=\"border-radius:5px;\">\n\t\t<span>Solicitar informaci\u00f3n<\/span>\n\t<\/a>\n\n\t\t\n<style>\n#stack-3973740641 > * {\n  --stack-gap: 1rem;\n}\n@media (min-width:550px) {\n  #stack-3973740641 > * {\n    --stack-gap: 0rem;\n  }\n}\n<\/style>\n\t<\/div>\n\t\n\t\t<\/div>\n\t\t\t\t\t<\/div>\n\n\t\n\n\t<div id=\"col-1379373021\" class=\"col medium-3 small-12 large-3\"  >\n\t\t\t\t<div class=\"col-inner\"  >\n\t\t\t\n\t\t\t\n\t<div class=\"box has-hover   has-hover box-text-bottom\" >\n\n\t\t<div class=\"box-image\" >\n\t\t\t<a href=\"https:\/\/www.imko.de\/es\/producto\/pico-iph2\/\" >\t\t\t<div class=\"\" >\n\t\t\t\t<img decoding=\"async\" width=\"600\" height=\"600\" src=\"https:\/\/www.imko.de\/wp-content\/uploads\/2024\/11\/PICO-IPH2.webp\" class=\"attachment-original size-original\" alt=\"PICO-IPH2\" srcset=\"https:\/\/www.imko.de\/wp-content\/uploads\/2024\/11\/PICO-IPH2.webp 600w, https:\/\/www.imko.de\/wp-content\/uploads\/2024\/11\/PICO-IPH2-100x100.webp 100w, https:\/\/www.imko.de\/wp-content\/uploads\/2024\/11\/PICO-IPH2-510x510.webp 510w, https:\/\/www.imko.de\/wp-content\/uploads\/2024\/11\/PICO-IPH2-300x300.webp 300w, https:\/\/www.imko.de\/wp-content\/uploads\/2024\/11\/PICO-IPH2-150x150.webp 150w, https:\/\/www.imko.de\/wp-content\/uploads\/2024\/11\/PICO-IPH2-12x12.webp 12w\" sizes=\"(max-width: 600px) 100vw, 600px\" \/>\t\t\t\t\t\t\t\t\t\t\t<\/div>\n\t\t\t<\/a>\t\t<\/div>\n\n\t\t<div class=\"box-text text-center\" >\n\t\t\t<div class=\"box-text-inner\">\n\t\t\t\t\n\t<div id=\"text-2811526675\" class=\"text\">\n\t\t\n<h6><span style=\"color: #67717c;\">MEDICI\u00d3N DE LA HUMEDAD DEL SUELO<\/span><\/h6>\n\t\t\n<style>\n#text-2811526675 {\n  text-align: left;\n}\n<\/style>\n\t<\/div>\n\t\n\t<div id=\"text-4182967132\" class=\"text\">\n\t\t\n<h5>PICO IPH2<\/h5>\n\t\t\n<style>\n#text-4182967132 {\n  text-align: left;\n}\n<\/style>\n\t<\/div>\n\t\n\t\t\t<\/div>\n\t\t<\/div>\n\t<\/div>\n\t\n\t\t<\/div>\n\t\t\t\t\t<\/div>\n\n\t\n<\/div>","protected":false},"excerpt":{"rendered":"<p>La soluci\u00f3n de medici\u00f3n estacionaria para crear perfiles de profundidad.<\/p>","protected":false},"featured_media":2447,"template":"","meta":[],"product_brand":[],"product_cat":[25],"product_tag":[],"class_list":{"0":"post-1994","1":"product","2":"type-product","3":"status-publish","4":"has-post-thumbnail","6":"product_cat-feuchtemessung-boden","8":"first","9":"instock","10":"shipping-taxable","11":"product-type-simple"},"yoast_head":"<!-- This site is optimized with the Yoast SEO plugin v27.4 - https:\/\/yoast.com\/product\/yoast-seo-wordpress\/ -->\n<title>PICO Profile - IMKO - Experten f\u00fcr Feuchtesensoren<\/title>\n<meta name=\"robots\" content=\"index, follow, max-snippet:-1, max-image-preview:large, max-video-preview:-1\" \/>\n<link rel=\"canonical\" href=\"https:\/\/www.imko.de\/es\/producto\/perfil-del-pico\/\" \/>\n<meta property=\"og:locale\" content=\"es_ES\" \/>\n<meta property=\"og:type\" content=\"article\" \/>\n<meta property=\"og:title\" content=\"PICO Profile - IMKO - Experten f\u00fcr Feuchtesensoren\" \/>\n<meta property=\"og:description\" content=\"Die station\u00e4re Messl\u00f6sung zur Erstellung von Tiefenprofilen.\" \/>\n<meta property=\"og:url\" content=\"https:\/\/www.imko.de\/es\/producto\/perfil-del-pico\/\" \/>\n<meta property=\"og:site_name\" content=\"IMKO - Experten f\u00fcr Feuchtesensoren\" \/>\n<meta property=\"article:modified_time\" content=\"2025-03-19T16:22:45+00:00\" \/>\n<meta property=\"og:image\" content=\"https:\/\/www.imko.de\/wp-content\/uploads\/2025\/03\/ogimage-imko-logo.png\" \/>\n\t<meta property=\"og:image:width\" content=\"600\" \/>\n\t<meta property=\"og:image:height\" content=\"600\" \/>\n\t<meta property=\"og:image:type\" content=\"image\/webp\" \/>\n<meta name=\"twitter:card\" content=\"summary_large_image\" \/>\n<meta name=\"twitter:label1\" content=\"Tiempo de lectura\" \/>\n\t<meta name=\"twitter:data1\" content=\"2 minutos\" \/>\n<script type=\"application\/ld+json\" class=\"yoast-schema-graph\">{\"@context\":\"https:\\\/\\\/schema.org\",\"@graph\":[{\"@type\":\"WebPage\",\"@id\":\"https:\\\/\\\/www.imko.de\\\/produkt\\\/pico-profile\\\/\",\"url\":\"https:\\\/\\\/www.imko.de\\\/produkt\\\/pico-profile\\\/\",\"name\":\"PICO Profile - IMKO - Experten f\u00fcr Feuchtesensoren\",\"isPartOf\":{\"@id\":\"https:\\\/\\\/www.imko.de\\\/#website\"},\"primaryImageOfPage\":{\"@id\":\"https:\\\/\\\/www.imko.de\\\/produkt\\\/pico-profile\\\/#primaryimage\"},\"image\":{\"@id\":\"https:\\\/\\\/www.imko.de\\\/produkt\\\/pico-profile\\\/#primaryimage\"},\"thumbnailUrl\":\"https:\\\/\\\/www.imko.de\\\/wp-content\\\/uploads\\\/2024\\\/11\\\/pico-profil-anwendung.webp\",\"datePublished\":\"2024-11-17T09:58:10+00:00\",\"dateModified\":\"2025-03-19T16:22:45+00:00\",\"breadcrumb\":{\"@id\":\"https:\\\/\\\/www.imko.de\\\/produkt\\\/pico-profile\\\/#breadcrumb\"},\"inLanguage\":\"es\",\"potentialAction\":[{\"@type\":\"ReadAction\",\"target\":[\"https:\\\/\\\/www.imko.de\\\/produkt\\\/pico-profile\\\/\"]}]},{\"@type\":\"ImageObject\",\"inLanguage\":\"es\",\"@id\":\"https:\\\/\\\/www.imko.de\\\/produkt\\\/pico-profile\\\/#primaryimage\",\"url\":\"https:\\\/\\\/www.imko.de\\\/wp-content\\\/uploads\\\/2024\\\/11\\\/pico-profil-anwendung.webp\",\"contentUrl\":\"https:\\\/\\\/www.imko.de\\\/wp-content\\\/uploads\\\/2024\\\/11\\\/pico-profil-anwendung.webp\",\"width\":600,\"height\":600,\"caption\":\"pico-profil-anwendung\"},{\"@type\":\"BreadcrumbList\",\"@id\":\"https:\\\/\\\/www.imko.de\\\/produkt\\\/pico-profile\\\/#breadcrumb\",\"itemListElement\":[{\"@type\":\"ListItem\",\"position\":1,\"name\":\"Startseite\",\"item\":\"https:\\\/\\\/www.imko.de\\\/\"},{\"@type\":\"ListItem\",\"position\":2,\"name\":\"Shop\",\"item\":\"https:\\\/\\\/www.imko.de\\\/?page_id=1968\"},{\"@type\":\"ListItem\",\"position\":3,\"name\":\"PICO Profile\"}]},{\"@type\":\"WebSite\",\"@id\":\"https:\\\/\\\/www.imko.de\\\/#website\",\"url\":\"https:\\\/\\\/www.imko.de\\\/\",\"name\":\"IMKO - Experten f\u00fcr Feuchtesensoren\",\"description\":\"\",\"potentialAction\":[{\"@type\":\"SearchAction\",\"target\":{\"@type\":\"EntryPoint\",\"urlTemplate\":\"https:\\\/\\\/www.imko.de\\\/?s={search_term_string}\"},\"query-input\":{\"@type\":\"PropertyValueSpecification\",\"valueRequired\":true,\"valueName\":\"search_term_string\"}}],\"inLanguage\":\"es\"}]}<\/script>\n<!-- \/ Yoast SEO plugin. -->","yoast_head_json":{"title":"Perfil de PICO - IMKO - Expertos en sensores de humedad","robots":{"index":"index","follow":"follow","max-snippet":"max-snippet:-1","max-image-preview":"max-image-preview:large","max-video-preview":"max-video-preview:-1"},"canonical":"https:\/\/www.imko.de\/es\/producto\/perfil-del-pico\/","og_locale":"es_ES","og_type":"article","og_title":"PICO Profile - IMKO - Experten f\u00fcr Feuchtesensoren","og_description":"Die station\u00e4re Messl\u00f6sung zur Erstellung von Tiefenprofilen.","og_url":"https:\/\/www.imko.de\/es\/producto\/perfil-del-pico\/","og_site_name":"IMKO - Experten f\u00fcr Feuchtesensoren","article_modified_time":"2025-03-19T16:22:45+00:00","og_image":[{"width":600,"height":600,"url":"https:\/\/www.imko.de\/wp-content\/uploads\/2025\/03\/ogimage-imko-logo.png","type":"image\/webp"}],"twitter_card":"summary_large_image","twitter_misc":{"Tiempo de lectura":"2 minutos"},"schema":{"@context":"https:\/\/schema.org","@graph":[{"@type":"WebPage","@id":"https:\/\/www.imko.de\/produkt\/pico-profile\/","url":"https:\/\/www.imko.de\/produkt\/pico-profile\/","name":"Perfil de PICO - IMKO - Expertos en sensores de humedad","isPartOf":{"@id":"https:\/\/www.imko.de\/#website"},"primaryImageOfPage":{"@id":"https:\/\/www.imko.de\/produkt\/pico-profile\/#primaryimage"},"image":{"@id":"https:\/\/www.imko.de\/produkt\/pico-profile\/#primaryimage"},"thumbnailUrl":"https:\/\/www.imko.de\/wp-content\/uploads\/2024\/11\/pico-profil-anwendung.webp","datePublished":"2024-11-17T09:58:10+00:00","dateModified":"2025-03-19T16:22:45+00:00","breadcrumb":{"@id":"https:\/\/www.imko.de\/produkt\/pico-profile\/#breadcrumb"},"inLanguage":"es","potentialAction":[{"@type":"ReadAction","target":["https:\/\/www.imko.de\/produkt\/pico-profile\/"]}]},{"@type":"ImageObject","inLanguage":"es","@id":"https:\/\/www.imko.de\/produkt\/pico-profile\/#primaryimage","url":"https:\/\/www.imko.de\/wp-content\/uploads\/2024\/11\/pico-profil-anwendung.webp","contentUrl":"https:\/\/www.imko.de\/wp-content\/uploads\/2024\/11\/pico-profil-anwendung.webp","width":600,"height":600,"caption":"pico-profil-anwendung"},{"@type":"BreadcrumbList","@id":"https:\/\/www.imko.de\/produkt\/pico-profile\/#breadcrumb","itemListElement":[{"@type":"ListItem","position":1,"name":"Startseite","item":"https:\/\/www.imko.de\/"},{"@type":"ListItem","position":2,"name":"Shop","item":"https:\/\/www.imko.de\/?page_id=1968"},{"@type":"ListItem","position":3,"name":"PICO Profile"}]},{"@type":"WebSite","@id":"https:\/\/www.imko.de\/#website","url":"https:\/\/www.imko.de\/","name":"IMKO - Expertos en sensores de humedad","description":"","potentialAction":[{"@type":"SearchAction","target":{"@type":"EntryPoint","urlTemplate":"https:\/\/www.imko.de\/?s={search_term_string}"},"query-input":{"@type":"PropertyValueSpecification","valueRequired":true,"valueName":"search_term_string"}}],"inLanguage":"es"}]}},"_links":{"self":[{"href":"https:\/\/www.imko.de\/es\/wp-json\/wp\/v2\/product\/1994","targetHints":{"allow":["GET"]}}],"collection":[{"href":"https:\/\/www.imko.de\/es\/wp-json\/wp\/v2\/product"}],"about":[{"href":"https:\/\/www.imko.de\/es\/wp-json\/wp\/v2\/types\/product"}],"wp:featuredmedia":[{"embeddable":true,"href":"https:\/\/www.imko.de\/es\/wp-json\/wp\/v2\/media\/2447"}],"wp:attachment":[{"href":"https:\/\/www.imko.de\/es\/wp-json\/wp\/v2\/media?parent=1994"}],"wp:term":[{"taxonomy":"product_brand","embeddable":true,"href":"https:\/\/www.imko.de\/es\/wp-json\/wp\/v2\/product_brand?post=1994"},{"taxonomy":"product_cat","embeddable":true,"href":"https:\/\/www.imko.de\/es\/wp-json\/wp\/v2\/product_cat?post=1994"},{"taxonomy":"product_tag","embeddable":true,"href":"https:\/\/www.imko.de\/es\/wp-json\/wp\/v2\/product_tag?post=1994"}],"curies":[{"name":"wp","href":"https:\/\/api.w.org\/{rel}","templated":true}]}}